{"id":6176,"date":"2023-05-16T15:26:17","date_gmt":"2023-05-16T15:26:17","guid":{"rendered":"https:\/\/casasaorafael.com\/politica-de-privacidade\/"},"modified":"2023-07-04T15:49:20","modified_gmt":"2023-07-04T15:49:20","slug":"privacy-policy","status":"publish","type":"page","link":"https:\/\/casasaorafael.com\/en\/privacy-policy\/","title":{"rendered":"Privacy Policy"},"content":{"rendered":"\t\t<div data-elementor-type=\"wp-page\" data-elementor-id=\"6176\" class=\"elementor elementor-6176 elementor-3232\">\n\t\t\t\t\t\t<section class=\"elementor-section elementor-top-section elementor-element elementor-element-7820370 elementor-section-boxed elementor-section-height-default elementor-section-height-default\" data-id=\"7820370\" data-element_type=\"section\" data-e-type=\"section\" data-settings=\"{&quot;wdt_bg_image&quot;:{&quot;url&quot;:&quot;&quot;,&quot;id&quot;:&quot;&quot;,&quot;size&quot;:&quot;&quot;},&quot;wdt_bg_image_widescreen&quot;:{&quot;url&quot;:&quot;&quot;,&quot;id&quot;:&quot;&quot;,&quot;size&quot;:&quot;&quot;},&quot;wdt_bg_image_laptop&quot;:{&quot;url&quot;:&quot;&quot;,&quot;id&quot;:&quot;&quot;,&quot;size&quot;:&quot;&quot;},&quot;wdt_bg_image_tablet_extra&quot;:{&quot;url&quot;:&quot;&quot;,&quot;id&quot;:&quot;&quot;,&quot;size&quot;:&quot;&quot;},&quot;wdt_bg_image_tablet&quot;:{&quot;url&quot;:&quot;&quot;,&quot;id&quot;:&quot;&quot;,&quot;size&quot;:&quot;&quot;},&quot;wdt_bg_image_mobile_extra&quot;:{&quot;url&quot;:&quot;&quot;,&quot;id&quot;:&quot;&quot;,&quot;size&quot;:&quot;&quot;},&quot;wdt_bg_image_mobile&quot;:{&quot;url&quot;:&quot;&quot;,&quot;id&quot;:&quot;&quot;,&quot;size&quot;:&quot;&quot;},&quot;wdt_bg_position&quot;:&quot;center center&quot;,&quot;wdt_animation_effect&quot;:&quot;none&quot;}\">\n\t\t\t\t\t\t<div class=\"elementor-container elementor-column-gap-default\">\n\t\t\t\t\t<div class=\"elementor-column elementor-col-100 elementor-top-column elementor-element elementor-element-db434bc\" data-id=\"db434bc\" data-element_type=\"column\" data-e-type=\"column\">\n\t\t\t<div class=\"elementor-widget-wrap elementor-element-populated\">\n\t\t\t\t\t\t<div class=\"elementor-element elementor-element-ca83338 elementor-widget elementor-widget-text-editor\" data-id=\"ca83338\" data-element_type=\"widget\" data-e-type=\"widget\" data-settings=\"{&quot;wdt_animation_effect&quot;:&quot;none&quot;}\" data-widget_type=\"text-editor.default\">\n\t\t\t\t<div class=\"elementor-widget-container\">\n\t\t\t\t\t\t\t\t\t<p>The privacy policy of the Casa de Campo S\u00e3o Rafael regulates the use of website available from Casa de Campo S\u00e3o Rafael.<\/p><p><strong>WEBSITE USE<\/strong><br \/>Casa de Campo S\u00e3o Rafael website is exclusively for personal use. No part of this website or any of its contents may be reproduced, copied, modified, adapted, reproduced, distributed or transmitted in any form or by any means without the prior consent of Casa de Campo S\u00e3o Rafael, either for commercial or non-commercial use.<br \/>Casa de Campo S\u00e3o Rafael only grants a restricted license, non-exclusive and non-transferable to view or print the website&#8217;s contents, for personal, non-commercial use only. Casa de Campo S\u00e3o Rafael also commits to never user this website for any unlawful goals.<\/p><p><strong>DATA PROCESSING<\/strong><br \/>The user&#8217;s personal data may be used to provide important information about the website&#8217;s services. Also, with the user&#8217;s due consent, we can send commercial information about the products and services provided by Casa de Campo S\u00e3o Rafael. However, this personal data won&#8217;t be shared with any third parties responsible for the processing of this data without the user&#8217;s prior consent.<\/p><p>Casa de Campo S\u00e3o Rafael may hire other companies to provide services on its own behalf, such as website hosting services, e-mails, answering user&#8217;s requests about services provided, sending information about new products, services or special offers. We will only provide this companies enough data to perform the requested services . Companies will be obliged to keep all information confidential and are forbidden to use that information for any other means.<br \/>Casa de Campo S\u00e3o Rafael may reveal some personal data if demanded by law or if considered necessary to stay in accordance with the law, protect the user&#8217;s rights, act in emergency circumstances to protect the personal safety of its staff, users, partners and general public.<br \/>The data collected on this website may be stored in other countries other than Portugal.<\/p><p><strong>COOKIES<\/strong><br \/>In order to provide the best services to our users, our website uses cookies \u2013 small text files stored on the user&#8217;s hard drive by a website server. Casa de Campo S\u00e3o Rafael website may require users to accept cookies in order to provide full access to all the website&#8217;s features.<br \/>Casa de Campo S\u00e3o Rafael uses cookies with the following goals:<\/p><p>Collect users IP addresses. Cookies will identify the user and if he or she has subscribed to any service, promotion or event hosted by Casa de Campo S\u00e3o Rafael, the system will then be able to use the stored information. The goal is to make the user experience more personal, making the use of our services easier.<br \/>To make statistical analysis which will allow us to calculate the number of visits and its growth<br \/>Collect information about page views, so that we can avoid repeating information.<br \/>Users can always limit or restrict cookies through their browser settings.<\/p><p><strong>DATA SAFETY<\/strong><br \/>Casa de Campo S\u00e3o Rafael is fully committed to protect the security of user personal data. We use technologies and security procedures meant to protect user data against any unauthorized access, usage or disclosure.<\/p><p><strong>LIMITATION OF LIABILITY<\/strong><br \/>Casa de Campo S\u00e3o Rafael does not sponsor any of the websites for which we provide links and neither is sponsored by any websites that may contain links to ours. Casa de Campo S\u00e3o Rafael will not be held liable for the content of those websites. Moreover, being the internet a worldwide network of computers, any information sent of transmitted by the users will be resent by third parties&#8217; computers.<br \/>Casa de Campo S\u00e3o Rafael is not liable for any security flaws and won&#8217;t take any responsibly for unlawful use of its information by third parties. The user, however, will be held liable for the content of the information sent or transmitted to Casa de Campo S\u00e3o Rafael website.<\/p><p>Casa de Campo S\u00e3o Rafael acknowledges that the access and use of its website may be interrupted and that the information on the website may have bugs, errors, technical failures, problems or other limitations and that the access to the website may not be possible . Within what is permitted by law, Casa de Campo S\u00e3o Rafael declines any liability, direct or indirect for the use of its website.<\/p>\t\t\t\t\t\t\t\t<\/div>\n\t\t\t\t<\/div>\n\t\t\t\t<div class=\"elementor-element elementor-element-d26b586 elementor-widget elementor-widget-spacer\" data-id=\"d26b586\" data-element_type=\"widget\" data-e-type=\"widget\" data-settings=\"{&quot;wdt_animation_effect&quot;:&quot;none&quot;}\" data-widget_type=\"spacer.default\">\n\t\t\t\t<div class=\"elementor-widget-container\">\n\t\t\t\t\t\t\t<div class=\"elementor-spacer\">\n\t\t\t<div class=\"elementor-spacer-inner\"><\/div>\n\t\t<\/div>\n\t\t\t\t\t\t<\/div>\n\t\t\t\t<\/div>\n\t\t\t\t\t<\/div>\n\t\t<\/div>\n\t\t\t\t\t<\/div>\n\t\t<\/section>\n\t\t\t\t<\/div>\n\t\t","protected":false},"excerpt":{"rendered":"<p>The privacy policy of the Casa de Campo S\u00e3o Rafael regulates the use of website available from Casa de Campo S\u00e3o Rafael. WEBSITE USECasa de Campo S\u00e3o Rafael website is exclusively for personal use. No part of this website or any of its contents may be reproduced, copied, modified, adapted, reproduced, distributed or transmitted in [&hellip;]<\/p>\n","protected":false},"author":1,"featured_media":0,"parent":0,"menu_order":0,"comment_status":"closed","ping_status":"closed","template":"elementor_header_footer","meta":{"footnotes":""},"class_list":["post-6176","page","type-page","status-publish","hentry"],"_links":{"self":[{"href":"https:\/\/casasaorafael.com\/en\/wp-json\/wp\/v2\/pages\/6176","targetHints":{"allow":["GET"]}}],"collection":[{"href":"https:\/\/casasaorafael.com\/en\/wp-json\/wp\/v2\/pages"}],"about":[{"href":"https:\/\/casasaorafael.com\/en\/wp-json\/wp\/v2\/types\/page"}],"author":[{"embeddable":true,"href":"https:\/\/casasaorafael.com\/en\/wp-json\/wp\/v2\/users\/1"}],"replies":[{"embeddable":true,"href":"https:\/\/casasaorafael.com\/en\/wp-json\/wp\/v2\/comments?post=6176"}],"version-history":[{"count":0,"href":"https:\/\/casasaorafael.com\/en\/wp-json\/wp\/v2\/pages\/6176\/revisions"}],"wp:attachment":[{"href":"https:\/\/casasaorafael.com\/en\/wp-json\/wp\/v2\/media?parent=6176"}],"curies":[{"name":"wp","href":"https:\/\/api.w.org\/{rel}","templated":true}]}}