{"id":6209,"date":"2023-05-19T11:01:42","date_gmt":"2023-05-19T11:01:42","guid":{"rendered":"https:\/\/casasaorafael.com\/resolucao-de-litigios\/"},"modified":"2023-07-04T15:47:28","modified_gmt":"2023-07-04T15:47:28","slug":"dispute-resolution","status":"publish","type":"page","link":"https:\/\/casasaorafael.com\/en\/dispute-resolution\/","title":{"rendered":"Dispute Resolution"},"content":{"rendered":"\t\t<div data-elementor-type=\"wp-page\" data-elementor-id=\"6209\" class=\"elementor elementor-6209 elementor-5287\">\n\t\t\t\t\t\t<section class=\"elementor-section elementor-top-section elementor-element elementor-element-7820370 elementor-section-boxed elementor-section-height-default elementor-section-height-default\" data-id=\"7820370\" data-element_type=\"section\" data-e-type=\"section\" data-settings=\"{&quot;wdt_bg_image&quot;:{&quot;url&quot;:&quot;&quot;,&quot;id&quot;:&quot;&quot;,&quot;size&quot;:&quot;&quot;},&quot;wdt_bg_image_widescreen&quot;:{&quot;url&quot;:&quot;&quot;,&quot;id&quot;:&quot;&quot;,&quot;size&quot;:&quot;&quot;},&quot;wdt_bg_image_laptop&quot;:{&quot;url&quot;:&quot;&quot;,&quot;id&quot;:&quot;&quot;,&quot;size&quot;:&quot;&quot;},&quot;wdt_bg_image_tablet_extra&quot;:{&quot;url&quot;:&quot;&quot;,&quot;id&quot;:&quot;&quot;,&quot;size&quot;:&quot;&quot;},&quot;wdt_bg_image_tablet&quot;:{&quot;url&quot;:&quot;&quot;,&quot;id&quot;:&quot;&quot;,&quot;size&quot;:&quot;&quot;},&quot;wdt_bg_image_mobile_extra&quot;:{&quot;url&quot;:&quot;&quot;,&quot;id&quot;:&quot;&quot;,&quot;size&quot;:&quot;&quot;},&quot;wdt_bg_image_mobile&quot;:{&quot;url&quot;:&quot;&quot;,&quot;id&quot;:&quot;&quot;,&quot;size&quot;:&quot;&quot;},&quot;wdt_bg_position&quot;:&quot;center center&quot;,&quot;wdt_animation_effect&quot;:&quot;none&quot;}\">\n\t\t\t\t\t\t<div class=\"elementor-container elementor-column-gap-default\">\n\t\t\t\t\t<div class=\"elementor-column elementor-col-100 elementor-top-column elementor-element elementor-element-db434bc\" data-id=\"db434bc\" data-element_type=\"column\" data-e-type=\"column\">\n\t\t\t<div class=\"elementor-widget-wrap elementor-element-populated\">\n\t\t\t\t\t\t<div class=\"elementor-element elementor-element-ca83338 elementor-widget elementor-widget-text-editor\" data-id=\"ca83338\" data-element_type=\"widget\" data-e-type=\"widget\" data-settings=\"{&quot;wdt_animation_effect&quot;:&quot;none&quot;}\" data-widget_type=\"text-editor.default\">\n\t\t\t\t<div class=\"elementor-widget-container\">\n\t\t\t\t\t\t\t\t\t<p>The European Union has created a website to support consumers in submitting their complaints about any dispute in which they are involved. In this context, we provide all the information so that you can exercise your right to complain to an official entity, third party and impartial to the process, (&#8220;dispute resolution entity&#8221;) that will help you resolve the dispute in question.<\/p><p>Therefore, if you are dissatisfied with the purchase of a good or service, or with the solution presented by us to resolve the situation, you can access this official website <strong>https:\/\/webgate.ec.europa.eu\/odr\/main\/?event =main.home.show<\/strong> and state your objection.<\/p><p><strong>What is Alternative Dispute Resolution?<\/strong><\/p><p>Alternative dispute resolution is the possibility that all consumers have at their disposal to appeal to official entities that help them in the resolution, or guidance of any conflict, before opening litigious proceedings in the Courts.<\/p><p>As a general rule, the procedure is as follows: the customer asks an impartial third party to act as an intermediary between him and the trader who is the target of his complaint. The intermediary can suggest a solution to your complaint, impose a solution on both parties, or bring the parties together to find a solution.<\/p><p>Perhaps you know the concept of alternative dispute resolution by another name: &#8216;mediation&#8217;, &#8216;conciliation&#8217;, &#8216;arbitration&#8217; or &#8216;competent commission in the context of consumer disputes&#8217;.<\/p><p>Alternative dispute resolution is, as a rule, less expensive, less formal and faster than the judicial route.<\/p><p>In the event of a consumer dispute, the consumer may resort to the following alternative resolution bodies for consumer disputes:<\/p><p><strong>CNIACC \u2013 Centro Nacional de Informa\u00e7\u00e3o e Arbitragem de Conflitos de Consumo<\/strong><\/p><p>cniacc.pt<\/p><p><strong>CACCL \u2013 Centro de Arbitragem de Conflitos de Consumo de Lisboa<\/strong><\/p><p>centroarbitragemlisboa.pt<\/p><p><strong>CACCVA \u2013 Centro de Arbitragem de Conflitos de Consumo do Vale do Ave\/Tribunal Arbitral<\/strong><\/p><p>triave.pt<\/p><p><strong>CICAP \u2013 Centro de Informa\u00e7\u00e3o de Consumo e Arbitragem do Porto (Tribunal Arbitral de Consumo)<\/strong><\/p><p>cicap.pt<\/p><p><strong>CIMAAL \u2013 Centro de Informa\u00e7\u00e3o, Media\u00e7\u00e3o e Arbitragem de Conflitos de Consumo de Algarve<\/strong><\/p><p>ciab.pt<\/p><p><strong>CIAB \u2013 Centro de Informa\u00e7\u00e3o, Media\u00e7\u00e3o e Arbitragem de Consumo (Tribunal Arbitral de Consumo)<\/strong><\/p><p>ciab.pt<\/p><p><strong>CIMPAS \u2013 Centro de Informa\u00e7\u00e3o, Media\u00e7\u00e3o e Provedoria de Seguros<\/strong><\/p><p>cimpas.pt<\/p><p><strong>According to Law No. 144\/2015, for dispute resolution, see:<\/strong><\/p><p>CNIACC \u2013 Phone: 00351 21 384 7484<\/p><p><strong>E-mail:<\/strong> <a href=\"mailto:cniacc@fd.unl.pt\">cniacc@fd.unl.pt<\/a> | <strong>Site:<\/strong> <a href=\"https:\/\/cniacc.pt\">cniacc.pt<\/a><\/p>\t\t\t\t\t\t\t\t<\/div>\n\t\t\t\t<\/div>\n\t\t\t\t<div class=\"elementor-element elementor-element-d26b586 elementor-widget elementor-widget-spacer\" data-id=\"d26b586\" data-element_type=\"widget\" data-e-type=\"widget\" data-settings=\"{&quot;wdt_animation_effect&quot;:&quot;none&quot;}\" data-widget_type=\"spacer.default\">\n\t\t\t\t<div class=\"elementor-widget-container\">\n\t\t\t\t\t\t\t<div class=\"elementor-spacer\">\n\t\t\t<div class=\"elementor-spacer-inner\"><\/div>\n\t\t<\/div>\n\t\t\t\t\t\t<\/div>\n\t\t\t\t<\/div>\n\t\t\t\t\t<\/div>\n\t\t<\/div>\n\t\t\t\t\t<\/div>\n\t\t<\/section>\n\t\t\t\t<\/div>\n\t\t","protected":false},"excerpt":{"rendered":"<p>The European Union has created a website to support consumers in submitting their complaints about any dispute in which they are involved. In this context, we provide all the information so that you can exercise your right to complain to an official entity, third party and impartial to the process, (&#8220;dispute resolution entity&#8221;) that will [&hellip;]<\/p>\n","protected":false},"author":1,"featured_media":0,"parent":0,"menu_order":0,"comment_status":"closed","ping_status":"closed","template":"elementor_header_footer","meta":{"footnotes":""},"class_list":["post-6209","page","type-page","status-publish","hentry"],"_links":{"self":[{"href":"https:\/\/casasaorafael.com\/en\/wp-json\/wp\/v2\/pages\/6209","targetHints":{"allow":["GET"]}}],"collection":[{"href":"https:\/\/casasaorafael.com\/en\/wp-json\/wp\/v2\/pages"}],"about":[{"href":"https:\/\/casasaorafael.com\/en\/wp-json\/wp\/v2\/types\/page"}],"author":[{"embeddable":true,"href":"https:\/\/casasaorafael.com\/en\/wp-json\/wp\/v2\/users\/1"}],"replies":[{"embeddable":true,"href":"https:\/\/casasaorafael.com\/en\/wp-json\/wp\/v2\/comments?post=6209"}],"version-history":[{"count":0,"href":"https:\/\/casasaorafael.com\/en\/wp-json\/wp\/v2\/pages\/6209\/revisions"}],"wp:attachment":[{"href":"https:\/\/casasaorafael.com\/en\/wp-json\/wp\/v2\/media?parent=6209"}],"curies":[{"name":"wp","href":"https:\/\/api.w.org\/{rel}","templated":true}]}}