{"id":6171,"date":"2023-05-19T10:57:43","date_gmt":"2023-05-19T10:57:43","guid":{"rendered":"https:\/\/casasaorafael.com\/politica-de-cookies\/"},"modified":"2023-07-04T16:02:52","modified_gmt":"2023-07-04T16:02:52","slug":"politica-de-cookies","status":"publish","type":"page","link":"https:\/\/casasaorafael.com\/es\/politica-de-cookies\/","title":{"rendered":"Pol\u00edtica de Cookies"},"content":{"rendered":"\t\t<div data-elementor-type=\"wp-page\" data-elementor-id=\"6171\" class=\"elementor elementor-6171 elementor-5282\">\n\t\t\t\t\t\t<section class=\"elementor-section elementor-top-section elementor-element elementor-element-7820370 elementor-section-boxed elementor-section-height-default elementor-section-height-default\" data-id=\"7820370\" data-element_type=\"section\" data-e-type=\"section\" data-settings=\"{&quot;wdt_bg_image&quot;:{&quot;url&quot;:&quot;&quot;,&quot;id&quot;:&quot;&quot;,&quot;size&quot;:&quot;&quot;},&quot;wdt_bg_image_widescreen&quot;:{&quot;url&quot;:&quot;&quot;,&quot;id&quot;:&quot;&quot;,&quot;size&quot;:&quot;&quot;},&quot;wdt_bg_image_laptop&quot;:{&quot;url&quot;:&quot;&quot;,&quot;id&quot;:&quot;&quot;,&quot;size&quot;:&quot;&quot;},&quot;wdt_bg_image_tablet_extra&quot;:{&quot;url&quot;:&quot;&quot;,&quot;id&quot;:&quot;&quot;,&quot;size&quot;:&quot;&quot;},&quot;wdt_bg_image_tablet&quot;:{&quot;url&quot;:&quot;&quot;,&quot;id&quot;:&quot;&quot;,&quot;size&quot;:&quot;&quot;},&quot;wdt_bg_image_mobile_extra&quot;:{&quot;url&quot;:&quot;&quot;,&quot;id&quot;:&quot;&quot;,&quot;size&quot;:&quot;&quot;},&quot;wdt_bg_image_mobile&quot;:{&quot;url&quot;:&quot;&quot;,&quot;id&quot;:&quot;&quot;,&quot;size&quot;:&quot;&quot;},&quot;wdt_bg_position&quot;:&quot;center center&quot;,&quot;wdt_animation_effect&quot;:&quot;none&quot;}\">\n\t\t\t\t\t\t<div class=\"elementor-container elementor-column-gap-default\">\n\t\t\t\t\t<div class=\"elementor-column elementor-col-100 elementor-top-column elementor-element elementor-element-db434bc\" data-id=\"db434bc\" data-element_type=\"column\" data-e-type=\"column\">\n\t\t\t<div class=\"elementor-widget-wrap elementor-element-populated\">\n\t\t\t\t\t\t<div class=\"elementor-element elementor-element-ca83338 elementor-widget elementor-widget-text-editor\" data-id=\"ca83338\" data-element_type=\"widget\" data-e-type=\"widget\" data-settings=\"{&quot;wdt_animation_effect&quot;:&quot;none&quot;}\" data-widget_type=\"text-editor.default\">\n\t\t\t\t<div class=\"elementor-widget-container\">\n\t\t\t\t\t\t\t\t\t<p><strong>\u00bfQu\u00e9 son las cookies y c\u00f3mo funcionan?<\/strong><br \/>Las cookies son peque\u00f1os fragmentos de c\u00f3digo almacenados en su dispositivo. Las cookies no contienen ninguna informaci\u00f3n personal y no son funcionales, es decir, no son programas sino simples archivos de texto. La primera vez que visita nuestros sitios web, se descarga una cookie en su dispositivo. En ocasiones posteriores, nuestros sitios web reconocen esta cookie y \u00absaben\u00bb que ha visitado nuestro sitio web anteriormente. El papel de las cookies es beneficioso para los usuarios, ya que mejora su experiencia en los sitios web visitados con frecuencia.<\/p><p><strong>\u00bfPara qu\u00e9 usamos las cookies?<\/strong><br \/>Las cookies nos permiten mejorar nuestro sitio web para saber el n\u00famero de usuarios \u00fanicos que nos visitan y qu\u00e9 p\u00e1ginas son visitadas. Esto nos permite saber qu\u00e9 contenido es interesante para nuestros usuarios. Con estas mejoras en mente, utilizamos Google Analytics, una herramienta estad\u00edstica. La informaci\u00f3n recopilada en este proceso es completamente an\u00f3nima y solo tiene fines estad\u00edsticos.<\/p><p><strong>\u00bfC\u00f3mo puedes controlar las cookies?<\/strong><br \/>Los navegadores como Internet Explorer, Firefox, Google Chrome y Safari permiten cambiar los permisos de cookies para evitar que su dispositivo acepte cookies. Sin embargo, dicha restricci\u00f3n puede afectar su experiencia de usuario. La secci\u00f3n de \u00abAyuda\u00bb de su navegador puede indicarle los pasos necesarios para realizar dicho cambio.<\/p>\t\t\t\t\t\t\t\t<\/div>\n\t\t\t\t<\/div>\n\t\t\t\t<div class=\"elementor-element elementor-element-d26b586 elementor-widget elementor-widget-spacer\" data-id=\"d26b586\" data-element_type=\"widget\" data-e-type=\"widget\" data-settings=\"{&quot;wdt_animation_effect&quot;:&quot;none&quot;}\" data-widget_type=\"spacer.default\">\n\t\t\t\t<div class=\"elementor-widget-container\">\n\t\t\t\t\t\t\t<div class=\"elementor-spacer\">\n\t\t\t<div class=\"elementor-spacer-inner\"><\/div>\n\t\t<\/div>\n\t\t\t\t\t\t<\/div>\n\t\t\t\t<\/div>\n\t\t\t\t\t<\/div>\n\t\t<\/div>\n\t\t\t\t\t<\/div>\n\t\t<\/section>\n\t\t\t\t<\/div>\n\t\t","protected":false},"excerpt":{"rendered":"<p>\u00bfQu\u00e9 son las cookies y c\u00f3mo funcionan?Las cookies son peque\u00f1os fragmentos de c\u00f3digo almacenados en su dispositivo. Las cookies no contienen ninguna informaci\u00f3n personal y no son funcionales, es decir, no son programas sino simples archivos de texto. La primera vez que visita nuestros sitios web, se descarga una cookie en su dispositivo. En ocasiones [&hellip;]<\/p>\n","protected":false},"author":1,"featured_media":0,"parent":0,"menu_order":0,"comment_status":"closed","ping_status":"closed","template":"elementor_header_footer","meta":{"footnotes":""},"class_list":["post-6171","page","type-page","status-publish","hentry"],"_links":{"self":[{"href":"https:\/\/casasaorafael.com\/es\/wp-json\/wp\/v2\/pages\/6171","targetHints":{"allow":["GET"]}}],"collection":[{"href":"https:\/\/casasaorafael.com\/es\/wp-json\/wp\/v2\/pages"}],"about":[{"href":"https:\/\/casasaorafael.com\/es\/wp-json\/wp\/v2\/types\/page"}],"author":[{"embeddable":true,"href":"https:\/\/casasaorafael.com\/es\/wp-json\/wp\/v2\/users\/1"}],"replies":[{"embeddable":true,"href":"https:\/\/casasaorafael.com\/es\/wp-json\/wp\/v2\/comments?post=6171"}],"version-history":[{"count":0,"href":"https:\/\/casasaorafael.com\/es\/wp-json\/wp\/v2\/pages\/6171\/revisions"}],"wp:attachment":[{"href":"https:\/\/casasaorafael.com\/es\/wp-json\/wp\/v2\/media?parent=6171"}],"curies":[{"name":"wp","href":"https:\/\/api.w.org\/{rel}","templated":true}]}}