{"id":6178,"date":"2023-05-16T15:26:17","date_gmt":"2023-05-16T15:26:17","guid":{"rendered":"https:\/\/casasaorafael.com\/politica-de-privacidade\/"},"modified":"2023-07-04T16:03:02","modified_gmt":"2023-07-04T16:03:02","slug":"politica-de-privacidad","status":"publish","type":"page","link":"https:\/\/casasaorafael.com\/es\/politica-de-privacidad\/","title":{"rendered":"Pol\u00edtica de Privacidad"},"content":{"rendered":"\t\t<div data-elementor-type=\"wp-page\" data-elementor-id=\"6178\" class=\"elementor elementor-6178 elementor-3232\">\n\t\t\t\t\t\t<section class=\"elementor-section elementor-top-section elementor-element elementor-element-7820370 elementor-section-boxed elementor-section-height-default elementor-section-height-default\" data-id=\"7820370\" data-element_type=\"section\" data-e-type=\"section\" data-settings=\"{&quot;wdt_bg_image&quot;:{&quot;url&quot;:&quot;&quot;,&quot;id&quot;:&quot;&quot;,&quot;size&quot;:&quot;&quot;},&quot;wdt_bg_image_widescreen&quot;:{&quot;url&quot;:&quot;&quot;,&quot;id&quot;:&quot;&quot;,&quot;size&quot;:&quot;&quot;},&quot;wdt_bg_image_laptop&quot;:{&quot;url&quot;:&quot;&quot;,&quot;id&quot;:&quot;&quot;,&quot;size&quot;:&quot;&quot;},&quot;wdt_bg_image_tablet_extra&quot;:{&quot;url&quot;:&quot;&quot;,&quot;id&quot;:&quot;&quot;,&quot;size&quot;:&quot;&quot;},&quot;wdt_bg_image_tablet&quot;:{&quot;url&quot;:&quot;&quot;,&quot;id&quot;:&quot;&quot;,&quot;size&quot;:&quot;&quot;},&quot;wdt_bg_image_mobile_extra&quot;:{&quot;url&quot;:&quot;&quot;,&quot;id&quot;:&quot;&quot;,&quot;size&quot;:&quot;&quot;},&quot;wdt_bg_image_mobile&quot;:{&quot;url&quot;:&quot;&quot;,&quot;id&quot;:&quot;&quot;,&quot;size&quot;:&quot;&quot;},&quot;wdt_bg_position&quot;:&quot;center center&quot;,&quot;wdt_animation_effect&quot;:&quot;none&quot;}\">\n\t\t\t\t\t\t<div class=\"elementor-container elementor-column-gap-default\">\n\t\t\t\t\t<div class=\"elementor-column elementor-col-100 elementor-top-column elementor-element elementor-element-db434bc\" data-id=\"db434bc\" data-element_type=\"column\" data-e-type=\"column\">\n\t\t\t<div class=\"elementor-widget-wrap elementor-element-populated\">\n\t\t\t\t\t\t<div class=\"elementor-element elementor-element-ca83338 elementor-widget elementor-widget-text-editor\" data-id=\"ca83338\" data-element_type=\"widget\" data-e-type=\"widget\" data-settings=\"{&quot;wdt_animation_effect&quot;:&quot;none&quot;}\" data-widget_type=\"text-editor.default\">\n\t\t\t\t<div class=\"elementor-widget-container\">\n\t\t\t\t\t\t\t\t\t<p>La pol\u00edtica de privacidad de Casa de Campo S\u00e3o Rafael regula el uso del sitio web proporcionado por Casa de Campo S\u00e3o Rafael.<\/p><p><strong>USO DEL SITIO WEB<\/strong><br \/>El sitio web de Casa de Campo S\u00e3o Rafael debe ser utilizado exclusivamente para uso personal. Quedan expresamente prohibidas su modificaci\u00f3n, reproducci\u00f3n, duplicaci\u00f3n, copia, distribuci\u00f3n, venta, reventa y otras formas de explotaci\u00f3n, con o sin fines comerciales. Los derechos de propiedad intelectual sobre el sitio web y sus contenidos pertenecen a Casa de Campo S\u00e3o Rafael, a menos que se indique lo contrario.<\/p><p>Casa de Campo S\u00e3o Rafael otorga solo una licencia limitada, no exclusiva e intransferible para ver o imprimir el contenido del sitio web para uso exclusivamente personal y no comercial. Asimismo, se compromete a no utilizar este sitio web con fines ilegales o prohibidos.<\/p><p><strong>PROCESAMIENTO DE DATOS<\/strong><br \/>Los datos personales de los usuarios de este sitio web pueden utilizarse para proporcionar informaci\u00f3n importante sobre los servicios utilizados. Adem\u00e1s,<br \/>con su consentimiento, podemos enviar informaci\u00f3n comercial sobre productos y servicios de Casa de Campo S\u00e3o Rafael. Sin embargo, estos datos personales no ser\u00e1n compartidos con terceros responsables del procesamiento de datos, sin su consentimiento.<\/p><p>Casa de Campo S\u00e3o Rafael podr\u00e1 contratar otras empresas para prestar servicios en nombre de Casa de Campo S\u00e3o Rafael, tales como alojamiento de sitios web, correo electr\u00f3nico, responder a las preguntas de los usuarios sobre los servicios, env\u00edo de informaci\u00f3n sobre nuevos servicios y productos u ofertas y campa\u00f1as promocionales. A estas empresas s\u00f3lo se les facilitan los datos personales necesarios para prestar el servicio correspondiente. Las empresas est\u00e1n obligadas a mantener la confidencialidad de la informaci\u00f3n y tienen prohibido utilizar la informaci\u00f3n para otros fines.<\/p><p>Casa de Campo S\u00e3o Rafael puede divulgar datos personales si as\u00ed lo requiere la ley o si cree que es necesario para cumplir con la ley, proteger y defender sus derechos, actuar en circunstancias urgentes para proteger la seguridad personal de sus empleados o empleados, usuarios del servicio , socios o p\u00fablico en general.<\/p><p>Los datos personales recopilados en este sitio web pueden almacenarse en pa\u00edses distintos de Portugal.<\/p><p><strong>COOKIES<\/strong><\/p><p>Con el fin de brindar un mejor servicio al usuario, utilizamos cookies, que son peque\u00f1os archivos de texto, que se colocan en el disco duro por<br \/>un servidor de sitio web. El sitio web de Casa de Campo S\u00e3o Rafael puede requerir que se acepten cookies, para que pueda acceder a todas las funciones disponibles.<\/p><p>Las cookies son utilizadas por Casa de Campo S\u00e3o Rafael para:<\/p><p>Recopila las direcciones IP de los usuarios. La cookie identifica al usuario y si est\u00e1 suscrito a alg\u00fan servicio, promoci\u00f3n o evento promocionado por<br \/>Casa de Campo S\u00e3o Rafael, da una orden para que el sistema acceda a la informaci\u00f3n almacenada sobre los usuarios. El objetivo es personalizar las preferencias del usuario y facilitar el uso de los servicios.<br \/>Realizar estudios estad\u00edsticos para calcular el n\u00famero de usuarios y su crecimiento.<br \/>Saber si los usuarios vieron una determinada parte del sitio web, evitando la repetici\u00f3n.<br \/>Siempre podr\u00e1 limitar o restringir la admisi\u00f3n de cookies a trav\u00e9s de las opciones de su navegador.<\/p><p><strong>SEGURIDAD DE DATOS<\/strong><br \/>Casa de Campo S\u00e3o Rafael se compromete a proteger la seguridad de sus datos personales. Como tal, utilizamos tecnolog\u00edas y procedimientos de seguridad dise\u00f1ados para proteger los datos de los usuarios del acceso, uso o divulgaci\u00f3n no autorizados.<\/p><p><strong>LIMITACI\u00d3N DE RESPONSABILIDAD<\/strong><br \/>Casa de Campo S\u00e3o Rafael no patrocina ning\u00fan sitio web al que haya enlaces, ni ning\u00fan sitio web que tenga un enlace a su sitio web. Casa de Campo S\u00e3o Rafael no es responsable por el contenido de estos sitios web. Sin embargo, como Internet es una red mundial de computadoras, cualquier informaci\u00f3n enviada o transmitida por usted ser\u00e1 necesariamente reenviada por computadoras de terceros.<\/p><p>Casa de Campo S\u00e3o Rafael no es responsable por fallas en la seguridad de las comunicaciones y no asume responsabilidad por el mal uso de su informaci\u00f3n por parte de terceros. El usuario, sin embargo, ser\u00e1 responsable por el contenido de la informaci\u00f3n enviada o transmitida al sitio web de Casa de Campo S\u00e3o Rafael.<\/p><p>Casa de Campo S\u00e3o Rafael reconoce que el acceso y uso de su sitio web puede sufrir interrupciones y que la informaci\u00f3n del sitio web puede contener bugs, errores,<br \/>fallos t\u00e9cnicos, problemas u otras limitaciones y que el acceso pueda ser imposible en determinados momentos. Casa de Campo S\u00e3o Rafael no es responsable por cualquier da\u00f1o causado por el uso de su sitio web. En los t\u00e9rminos m\u00e1ximos permitidos por la ley, Casa de Campo S\u00e3o Rafael declina cualquier responsabilidad, directa o indirecta, por el uso de su sitio web.<\/p>\t\t\t\t\t\t\t\t<\/div>\n\t\t\t\t<\/div>\n\t\t\t\t<div class=\"elementor-element elementor-element-d26b586 elementor-widget elementor-widget-spacer\" data-id=\"d26b586\" data-element_type=\"widget\" data-e-type=\"widget\" data-settings=\"{&quot;wdt_animation_effect&quot;:&quot;none&quot;}\" data-widget_type=\"spacer.default\">\n\t\t\t\t<div class=\"elementor-widget-container\">\n\t\t\t\t\t\t\t<div class=\"elementor-spacer\">\n\t\t\t<div class=\"elementor-spacer-inner\"><\/div>\n\t\t<\/div>\n\t\t\t\t\t\t<\/div>\n\t\t\t\t<\/div>\n\t\t\t\t\t<\/div>\n\t\t<\/div>\n\t\t\t\t\t<\/div>\n\t\t<\/section>\n\t\t\t\t<\/div>\n\t\t","protected":false},"excerpt":{"rendered":"<p>La pol\u00edtica de privacidad de Casa de Campo S\u00e3o Rafael regula el uso del sitio web proporcionado por Casa de Campo S\u00e3o Rafael. USO DEL SITIO WEBEl sitio web de Casa de Campo S\u00e3o Rafael debe ser utilizado exclusivamente para uso personal. Quedan expresamente prohibidas su modificaci\u00f3n, reproducci\u00f3n, duplicaci\u00f3n, copia, distribuci\u00f3n, venta, reventa y otras [&hellip;]<\/p>\n","protected":false},"author":1,"featured_media":0,"parent":0,"menu_order":0,"comment_status":"closed","ping_status":"closed","template":"elementor_header_footer","meta":{"footnotes":""},"class_list":["post-6178","page","type-page","status-publish","hentry"],"_links":{"self":[{"href":"https:\/\/casasaorafael.com\/es\/wp-json\/wp\/v2\/pages\/6178","targetHints":{"allow":["GET"]}}],"collection":[{"href":"https:\/\/casasaorafael.com\/es\/wp-json\/wp\/v2\/pages"}],"about":[{"href":"https:\/\/casasaorafael.com\/es\/wp-json\/wp\/v2\/types\/page"}],"author":[{"embeddable":true,"href":"https:\/\/casasaorafael.com\/es\/wp-json\/wp\/v2\/users\/1"}],"replies":[{"embeddable":true,"href":"https:\/\/casasaorafael.com\/es\/wp-json\/wp\/v2\/comments?post=6178"}],"version-history":[{"count":0,"href":"https:\/\/casasaorafael.com\/es\/wp-json\/wp\/v2\/pages\/6178\/revisions"}],"wp:attachment":[{"href":"https:\/\/casasaorafael.com\/es\/wp-json\/wp\/v2\/media?parent=6178"}],"curies":[{"name":"wp","href":"https:\/\/api.w.org\/{rel}","templated":true}]}}