{"id":6211,"date":"2023-05-19T11:01:42","date_gmt":"2023-05-19T11:01:42","guid":{"rendered":"https:\/\/casasaorafael.com\/resolucao-de-litigios\/"},"modified":"2023-07-04T16:03:22","modified_gmt":"2023-07-04T16:03:22","slug":"resolucion-de-conflictos","status":"publish","type":"page","link":"https:\/\/casasaorafael.com\/es\/resolucion-de-conflictos\/","title":{"rendered":"Resoluci\u00f3n De Conflictos"},"content":{"rendered":"\t\t<div data-elementor-type=\"wp-page\" data-elementor-id=\"6211\" class=\"elementor elementor-6211 elementor-5287\">\n\t\t\t\t\t\t<section class=\"elementor-section elementor-top-section elementor-element elementor-element-7820370 elementor-section-boxed elementor-section-height-default elementor-section-height-default\" data-id=\"7820370\" data-element_type=\"section\" data-e-type=\"section\" data-settings=\"{&quot;wdt_bg_image&quot;:{&quot;url&quot;:&quot;&quot;,&quot;id&quot;:&quot;&quot;,&quot;size&quot;:&quot;&quot;},&quot;wdt_bg_image_widescreen&quot;:{&quot;url&quot;:&quot;&quot;,&quot;id&quot;:&quot;&quot;,&quot;size&quot;:&quot;&quot;},&quot;wdt_bg_image_laptop&quot;:{&quot;url&quot;:&quot;&quot;,&quot;id&quot;:&quot;&quot;,&quot;size&quot;:&quot;&quot;},&quot;wdt_bg_image_tablet_extra&quot;:{&quot;url&quot;:&quot;&quot;,&quot;id&quot;:&quot;&quot;,&quot;size&quot;:&quot;&quot;},&quot;wdt_bg_image_tablet&quot;:{&quot;url&quot;:&quot;&quot;,&quot;id&quot;:&quot;&quot;,&quot;size&quot;:&quot;&quot;},&quot;wdt_bg_image_mobile_extra&quot;:{&quot;url&quot;:&quot;&quot;,&quot;id&quot;:&quot;&quot;,&quot;size&quot;:&quot;&quot;},&quot;wdt_bg_image_mobile&quot;:{&quot;url&quot;:&quot;&quot;,&quot;id&quot;:&quot;&quot;,&quot;size&quot;:&quot;&quot;},&quot;wdt_bg_position&quot;:&quot;center center&quot;,&quot;wdt_animation_effect&quot;:&quot;none&quot;}\">\n\t\t\t\t\t\t<div class=\"elementor-container elementor-column-gap-default\">\n\t\t\t\t\t<div class=\"elementor-column elementor-col-100 elementor-top-column elementor-element elementor-element-db434bc\" data-id=\"db434bc\" data-element_type=\"column\" data-e-type=\"column\">\n\t\t\t<div class=\"elementor-widget-wrap elementor-element-populated\">\n\t\t\t\t\t\t<div class=\"elementor-element elementor-element-ca83338 elementor-widget elementor-widget-text-editor\" data-id=\"ca83338\" data-element_type=\"widget\" data-e-type=\"widget\" data-settings=\"{&quot;wdt_animation_effect&quot;:&quot;none&quot;}\" data-widget_type=\"text-editor.default\">\n\t\t\t\t<div class=\"elementor-widget-container\">\n\t\t\t\t\t\t\t\t\t<p>La Uni\u00f3n Europea ha creado un sitio web para ayudar a los consumidores a presentar sus quejas sobre cualquier disputa en la que est\u00e9n involucrados. En este contexto, le brindamos toda la informaci\u00f3n para que pueda ejercer su derecho a reclamar ante una entidad oficial, tercera e imparcial al proceso, (\u00abentidad de resoluci\u00f3n de disputas\u00bb) que le ayudar\u00e1 a resolver la disputa en cuesti\u00f3n.<\/p><p>Por lo tanto, si no est\u00e1 satisfecho con la compra de un bien o servicio, o con la soluci\u00f3n presentada por nosotros para resolver la situaci\u00f3n, puede acceder a este sitio web oficial <strong><a href=\"https:\/\/webgate.ec.europa.eu\/odr\/main\/? event =main.home.show\">https:\/\/webgate.ec.europa.eu\/odr\/main\/? event =main.home.show<\/a><\/strong> e indique su objeci\u00f3n.<\/p><p><strong>\u00bfQu\u00e9 es la Resoluci\u00f3n Alternativa de Disputas?<\/strong><\/p><p>La resoluci\u00f3n alternativa de litigios es la posibilidad que tienen todos los consumidores de acudir a las entidades oficiales que les ayuden en la resoluci\u00f3n, o la orientaci\u00f3n de cualquier conflicto, antes de iniciar un procedimiento litigioso en los Juzgados.<\/p><p>Por regla general, el procedimiento es el siguiente: el cliente solicita a un tercero imparcial que act\u00fae como intermediario entre \u00e9l y el comerciante objeto de su reclamaci\u00f3n. El intermediario puede sugerir una soluci\u00f3n a su queja, imponer una soluci\u00f3n a ambas partes o reunir a las partes para encontrar una soluci\u00f3n.<\/p><p>Quiz\u00e1s conozcas el concepto de resoluci\u00f3n alternativa de litigios por otro nombre: &#8216;mediaci\u00f3n&#8217;, &#8216;conciliaci\u00f3n&#8217;, &#8216;arbitraje&#8217; o &#8216;comisi\u00f3n competente en el contexto de litigios de consumo&#8217;.<\/p><p>La resoluci\u00f3n alternativa de disputas es, por regla general, menos costosa, menos formal y m\u00e1s r\u00e1pida que la v\u00eda judicial.<\/p><p>En caso de litigio en materia de consumo, el consumidor podr\u00e1 acudir a los siguientes \u00f3rganos alternativos de resoluci\u00f3n de litigios en materia de consumo:<\/p><p><strong>CNIACC &#8211; Centro Nacional de Informaci\u00f3n y Arbitraje de Controversias del Consumidor<\/strong><\/p><p>cniacc.pt<\/p><p><strong>CACCL &#8211; Centro de Arbitraje de Disputas del Consumidor de Lisboa<\/strong><\/p><p>centroarbitragemlisboa.pt<\/p><p><strong>CACCVA \u2013 Centro de Arbitraje de Controversias del Consumidor de Vale do Ave\/Corte de Arbitraje<\/strong><\/p><p>triave.pt<\/p><p><strong>CICAP \u2013 Centro de Informaci\u00f3n y Arbitraje del Consumidor de Oporto (Corte Arbitral del Consumidor)<\/strong><\/p><p>cicap.pt<\/p><p><strong>CIMAAL \u2013 Centro de Informaci\u00f3n, Mediaci\u00f3n y Arbitraje de Conflictos de Consumo del Algarve<\/strong><\/p><p>ciab.pt<\/p><p><strong>CIAB \u2013 Centro de Informaci\u00f3n, Mediaci\u00f3n y Arbitraje del Consumidor (Corte Arbitral del Consumidor)<\/strong><\/p><p>ciab.pt<\/p><p><strong>CIMPAS \u2013 Centro de Informaci\u00f3n, Mediaci\u00f3n y Defensor\u00eda de Seguros<\/strong><\/p><p>cimpas.pt<\/p><p>De acuerdo con la Ley No. 144\/2015, para la resoluci\u00f3n de disputas, ver:<\/p><p><strong>CNIACC \u2013 Tel\u00e9fono: 21 384 7484<\/strong><\/p><p>Correo electr\u00f3nico: cniacc@fd.unl.pt | Sitio web: www.cniacc.pt<\/p>\t\t\t\t\t\t\t\t<\/div>\n\t\t\t\t<\/div>\n\t\t\t\t<div class=\"elementor-element elementor-element-d26b586 elementor-widget elementor-widget-spacer\" data-id=\"d26b586\" data-element_type=\"widget\" data-e-type=\"widget\" data-settings=\"{&quot;wdt_animation_effect&quot;:&quot;none&quot;}\" data-widget_type=\"spacer.default\">\n\t\t\t\t<div class=\"elementor-widget-container\">\n\t\t\t\t\t\t\t<div class=\"elementor-spacer\">\n\t\t\t<div class=\"elementor-spacer-inner\"><\/div>\n\t\t<\/div>\n\t\t\t\t\t\t<\/div>\n\t\t\t\t<\/div>\n\t\t\t\t\t<\/div>\n\t\t<\/div>\n\t\t\t\t\t<\/div>\n\t\t<\/section>\n\t\t\t\t<\/div>\n\t\t","protected":false},"excerpt":{"rendered":"<p>La Uni\u00f3n Europea ha creado un sitio web para ayudar a los consumidores a presentar sus quejas sobre cualquier disputa en la que est\u00e9n involucrados. En este contexto, le brindamos toda la informaci\u00f3n para que pueda ejercer su derecho a reclamar ante una entidad oficial, tercera e imparcial al proceso, (\u00abentidad de resoluci\u00f3n de disputas\u00bb) [&hellip;]<\/p>\n","protected":false},"author":1,"featured_media":0,"parent":0,"menu_order":0,"comment_status":"closed","ping_status":"closed","template":"elementor_header_footer","meta":{"footnotes":""},"class_list":["post-6211","page","type-page","status-publish","hentry"],"_links":{"self":[{"href":"https:\/\/casasaorafael.com\/es\/wp-json\/wp\/v2\/pages\/6211","targetHints":{"allow":["GET"]}}],"collection":[{"href":"https:\/\/casasaorafael.com\/es\/wp-json\/wp\/v2\/pages"}],"about":[{"href":"https:\/\/casasaorafael.com\/es\/wp-json\/wp\/v2\/types\/page"}],"author":[{"embeddable":true,"href":"https:\/\/casasaorafael.com\/es\/wp-json\/wp\/v2\/users\/1"}],"replies":[{"embeddable":true,"href":"https:\/\/casasaorafael.com\/es\/wp-json\/wp\/v2\/comments?post=6211"}],"version-history":[{"count":0,"href":"https:\/\/casasaorafael.com\/es\/wp-json\/wp\/v2\/pages\/6211\/revisions"}],"wp:attachment":[{"href":"https:\/\/casasaorafael.com\/es\/wp-json\/wp\/v2\/media?parent=6211"}],"curies":[{"name":"wp","href":"https:\/\/api.w.org\/{rel}","templated":true}]}}