{"id":6228,"date":"2023-05-19T10:53:15","date_gmt":"2023-05-19T10:53:15","guid":{"rendered":"https:\/\/casasaorafael.com\/termos-e-condicoes\/"},"modified":"2023-07-04T16:03:54","modified_gmt":"2023-07-04T16:03:54","slug":"terminos-y-condiciones","status":"publish","type":"page","link":"https:\/\/casasaorafael.com\/es\/terminos-y-condiciones\/","title":{"rendered":"T\u00e9rminos y Condiciones"},"content":{"rendered":"\t\t<div data-elementor-type=\"wp-page\" data-elementor-id=\"6228\" class=\"elementor elementor-6228 elementor-5274\">\n\t\t\t\t\t\t<section class=\"elementor-section elementor-top-section elementor-element elementor-element-7820370 elementor-section-boxed elementor-section-height-default elementor-section-height-default\" data-id=\"7820370\" data-element_type=\"section\" data-e-type=\"section\" data-settings=\"{&quot;wdt_bg_image&quot;:{&quot;url&quot;:&quot;&quot;,&quot;id&quot;:&quot;&quot;,&quot;size&quot;:&quot;&quot;},&quot;wdt_bg_image_widescreen&quot;:{&quot;url&quot;:&quot;&quot;,&quot;id&quot;:&quot;&quot;,&quot;size&quot;:&quot;&quot;},&quot;wdt_bg_image_laptop&quot;:{&quot;url&quot;:&quot;&quot;,&quot;id&quot;:&quot;&quot;,&quot;size&quot;:&quot;&quot;},&quot;wdt_bg_image_tablet_extra&quot;:{&quot;url&quot;:&quot;&quot;,&quot;id&quot;:&quot;&quot;,&quot;size&quot;:&quot;&quot;},&quot;wdt_bg_image_tablet&quot;:{&quot;url&quot;:&quot;&quot;,&quot;id&quot;:&quot;&quot;,&quot;size&quot;:&quot;&quot;},&quot;wdt_bg_image_mobile_extra&quot;:{&quot;url&quot;:&quot;&quot;,&quot;id&quot;:&quot;&quot;,&quot;size&quot;:&quot;&quot;},&quot;wdt_bg_image_mobile&quot;:{&quot;url&quot;:&quot;&quot;,&quot;id&quot;:&quot;&quot;,&quot;size&quot;:&quot;&quot;},&quot;wdt_bg_position&quot;:&quot;center center&quot;,&quot;wdt_animation_effect&quot;:&quot;none&quot;}\">\n\t\t\t\t\t\t<div class=\"elementor-container elementor-column-gap-default\">\n\t\t\t\t\t<div class=\"elementor-column elementor-col-100 elementor-top-column elementor-element elementor-element-db434bc\" data-id=\"db434bc\" data-element_type=\"column\" data-e-type=\"column\">\n\t\t\t<div class=\"elementor-widget-wrap elementor-element-populated\">\n\t\t\t\t\t\t<div class=\"elementor-element elementor-element-ca83338 elementor-widget elementor-widget-text-editor\" data-id=\"ca83338\" data-element_type=\"widget\" data-e-type=\"widget\" data-settings=\"{&quot;wdt_animation_effect&quot;:&quot;none&quot;}\" data-widget_type=\"text-editor.default\">\n\t\t\t\t<div class=\"elementor-widget-container\">\n\t\t\t\t\t\t\t\t\t<p><strong>CONTENIDOS Y PROPIEDAD INTELECTUAL<\/strong><br \/>Los contenidos es toda la informaci\u00f3n en el sitio web de la Casa de Campo Sao Rafael, incluidas las marcas comerciales, dise\u00f1os, logotipos, texto, im\u00e1genes, fotograf\u00edas, gr\u00e1ficos, audio o video, dise\u00f1o web y software.<\/p><p>Los derechos de propiedad intelectual de todos los contenidos del sitio web Lisbonsoul-hostel.com son propiedad de la Casa de Campo Sao Rafael y est\u00e1n protegidos por las condiciones generales del derecho y por las leyes nacionales e internacionales de protecci\u00f3n de la propiedad intelectual, de los derechos de autor y la ley de delitos inform\u00e1ticos.<\/p><p>Es expresamente prohibido toda y cualquier copia, reproducci\u00f3n, modificaci\u00f3n, exhibici\u00f3n, difusi\u00f3n, distribuci\u00f3n, transmisi\u00f3n o utilizaci\u00f3n de los contenidos de este sitio web, de cualquier forma o para cualquier fin, sin el permiso expreso de la Casa de Campo Sao Rafael.<\/p><p>La Casa de Campo Sao Rafael se reserva el derecho de enjuiciar a los autores de toda y cualquier copia, difusi\u00f3n, reproducci\u00f3n y explotaci\u00f3n comercial no autorizada o cualquier otro uso indebido del contenido del sitio web, eximi\u00e9ndose de cualquier responsabilidad por uso indebido del Sitio web por parte de terceros.<\/p><p><strong>SEGURIDAD<\/strong><br \/>Los usuarios de la p\u00e1gina web de la Casa de Campo Sao Rafael declaran conocer perfectamente las caracter\u00edsticas y exigencias, limitaciones y defectos de la Internet, es decir, la transmisi\u00f3n de datos e informaci\u00f3n a trav\u00e9s de la Web s\u00f3lo beneficiar\u00e1n de una fiabilidad t\u00e9cnica relativa. Y estas limitaciones pueden interrumpir o inhabilitar el acceso en ciertas temporadas.<\/p><p>En este contexto, los usuarios reconocen y aceptan los riesgos inherentes , que cualquier p\u00e1gina web est\u00e1 sujeto a intrusiones de terceros no autorizados y puede ser interrumpido, y que la informaci\u00f3n que circula por Internet no est\u00e1 protegida de cualquier tipo de virus y que cualquier persona es susceptible crear una conexi\u00f3n con el acceso a la p\u00e1gina web o los datos contenidos en el mismo.<\/p><p>La Casa de Campo Sao Rafael y sus directivos o empleados no deber\u00e1n en ning\u00fan caso ser responsables de los da\u00f1os incidentales o indirectos sufridos por los usuarios y causadas o no por terceros, en el uso de los servicios ofrecidos en este sitio web o en otros lugares en la Web a los que tienen acceso a trav\u00e9s de \u00e9l.<\/p><p>La Casa de Campo Sao Rafael y sus directivos o empleados no deber\u00e1n en ning\u00fan caso ser responsables de los da\u00f1os que puedan ser causados \u200b\u200bpor el uso del servicio, incluida la contaminaci\u00f3n de virus. Los usuarios cuando acceden a este sitio web, aceptan los riesgos inherentes a su actividad como cibernautas, incluyendo el riesgo de una posible transferencia de datosen abierto.<\/p><p><strong>RESPONSABILIDAD<\/strong><br \/>La Casa de Campo Sao Rafael se reserva el derecho de realizar cambios y correcciones, suspender, interrumpir o terminar la p\u00e1gina web si lo considera oportuno, sin previo aviso y por el tiempo que estime necesario, por razones de \u00edndole t\u00e9cnica, administrativa, fuerza mayor o de otra, no puede ser responsable de esto.<\/p><p>La Casa de Campo Sao Rafael y sus directivos y empleados no son responsables de los enlaces en su p\u00e1gina web para sitios web de terceros. Estos v\u00ednculos se proporcionan para la comodidad y accesibilidad de los usuarios, no siendo la Casa de Campo Sao Rafael, sus directivos y empleados los responsables del contenido de los sitios web de terceros, siendo su acceso y visita de la responsabilidad de los usuarios.<\/p><p>La Casa de Campo Sao Rafael puede actualizar los t\u00e9rminos de uso y la pol\u00edtica de privacidad, a ra\u00edz de los cambios que se derivan de la evoluci\u00f3n y de los avances tecnol\u00f3gicos de Internet, as\u00ed como los cambios legislativos en el \u00e1rea. Es expresamente prohibido el uso de la p\u00e1gina web con fines ilegales, o cualquier otro que pueda considerarse perjudicial para la imagen de la Casa de Campo Sao Rafael.<\/p><p>El usuario de este sitio web se compromete a defender, indemnizar y mantener indemne de cualquier responsabilidad Casa de Campo Sao Rafael y sus directivos y empleados, de cualquier reclamo o demanda por parte de terceros, as\u00ed como sus obligaciones, da\u00f1os, costos y gastos, que surja de o relacionado con el uso de esta p\u00e1gina web por parte del usuario, la violaci\u00f3n por el usuario de los derechos de terceros o incumplimiento por el usuario de estos T\u00e9rminos de uso.<\/p><p><strong>JURISDICCI\u00d3N<\/strong><br \/>Las Condiciones de Uso est\u00e1n redactadas e interpretadas de acuerdo con la ley portuguesa. El usuario acepta la jurisdicci\u00f3n de los tribunales portugueses para resolver cualquier disputa que surja o que est\u00e9 relacionado con estos T\u00e9rminos y Condiciones o con el uso de este sitio web.<\/p>\t\t\t\t\t\t\t\t<\/div>\n\t\t\t\t<\/div>\n\t\t\t\t<div class=\"elementor-element elementor-element-d26b586 elementor-widget elementor-widget-spacer\" data-id=\"d26b586\" data-element_type=\"widget\" data-e-type=\"widget\" data-settings=\"{&quot;wdt_animation_effect&quot;:&quot;none&quot;}\" data-widget_type=\"spacer.default\">\n\t\t\t\t<div class=\"elementor-widget-container\">\n\t\t\t\t\t\t\t<div class=\"elementor-spacer\">\n\t\t\t<div class=\"elementor-spacer-inner\"><\/div>\n\t\t<\/div>\n\t\t\t\t\t\t<\/div>\n\t\t\t\t<\/div>\n\t\t\t\t\t<\/div>\n\t\t<\/div>\n\t\t\t\t\t<\/div>\n\t\t<\/section>\n\t\t\t\t<\/div>\n\t\t","protected":false},"excerpt":{"rendered":"<p>CONTENIDOS Y PROPIEDAD INTELECTUALLos contenidos es toda la informaci\u00f3n en el sitio web de la Casa de Campo Sao Rafael, incluidas las marcas comerciales, dise\u00f1os, logotipos, texto, im\u00e1genes, fotograf\u00edas, gr\u00e1ficos, audio o video, dise\u00f1o web y software. Los derechos de propiedad intelectual de todos los contenidos del sitio web Lisbonsoul-hostel.com son propiedad de la Casa [&hellip;]<\/p>\n","protected":false},"author":1,"featured_media":0,"parent":0,"menu_order":0,"comment_status":"closed","ping_status":"closed","template":"elementor_header_footer","meta":{"footnotes":""},"class_list":["post-6228","page","type-page","status-publish","hentry"],"_links":{"self":[{"href":"https:\/\/casasaorafael.com\/es\/wp-json\/wp\/v2\/pages\/6228","targetHints":{"allow":["GET"]}}],"collection":[{"href":"https:\/\/casasaorafael.com\/es\/wp-json\/wp\/v2\/pages"}],"about":[{"href":"https:\/\/casasaorafael.com\/es\/wp-json\/wp\/v2\/types\/page"}],"author":[{"embeddable":true,"href":"https:\/\/casasaorafael.com\/es\/wp-json\/wp\/v2\/users\/1"}],"replies":[{"embeddable":true,"href":"https:\/\/casasaorafael.com\/es\/wp-json\/wp\/v2\/comments?post=6228"}],"version-history":[{"count":0,"href":"https:\/\/casasaorafael.com\/es\/wp-json\/wp\/v2\/pages\/6228\/revisions"}],"wp:attachment":[{"href":"https:\/\/casasaorafael.com\/es\/wp-json\/wp\/v2\/media?parent=6228"}],"curies":[{"name":"wp","href":"https:\/\/api.w.org\/{rel}","templated":true}]}}