{"id":6170,"date":"2023-05-19T10:57:43","date_gmt":"2023-05-19T10:57:43","guid":{"rendered":"https:\/\/casasaorafael.com\/politica-de-cookies\/"},"modified":"2023-07-04T15:57:50","modified_gmt":"2023-07-04T15:57:50","slug":"informations-sur-les-cookies","status":"publish","type":"page","link":"https:\/\/casasaorafael.com\/fr\/informations-sur-les-cookies\/","title":{"rendered":"Informations sur les cookies"},"content":{"rendered":"\t\t<div data-elementor-type=\"wp-page\" data-elementor-id=\"6170\" class=\"elementor elementor-6170 elementor-5282\">\n\t\t\t\t\t\t<section class=\"elementor-section elementor-top-section elementor-element elementor-element-7820370 elementor-section-boxed elementor-section-height-default elementor-section-height-default\" data-id=\"7820370\" data-element_type=\"section\" data-e-type=\"section\" data-settings=\"{&quot;wdt_bg_image&quot;:{&quot;url&quot;:&quot;&quot;,&quot;id&quot;:&quot;&quot;,&quot;size&quot;:&quot;&quot;},&quot;wdt_bg_image_widescreen&quot;:{&quot;url&quot;:&quot;&quot;,&quot;id&quot;:&quot;&quot;,&quot;size&quot;:&quot;&quot;},&quot;wdt_bg_image_laptop&quot;:{&quot;url&quot;:&quot;&quot;,&quot;id&quot;:&quot;&quot;,&quot;size&quot;:&quot;&quot;},&quot;wdt_bg_image_tablet_extra&quot;:{&quot;url&quot;:&quot;&quot;,&quot;id&quot;:&quot;&quot;,&quot;size&quot;:&quot;&quot;},&quot;wdt_bg_image_tablet&quot;:{&quot;url&quot;:&quot;&quot;,&quot;id&quot;:&quot;&quot;,&quot;size&quot;:&quot;&quot;},&quot;wdt_bg_image_mobile_extra&quot;:{&quot;url&quot;:&quot;&quot;,&quot;id&quot;:&quot;&quot;,&quot;size&quot;:&quot;&quot;},&quot;wdt_bg_image_mobile&quot;:{&quot;url&quot;:&quot;&quot;,&quot;id&quot;:&quot;&quot;,&quot;size&quot;:&quot;&quot;},&quot;wdt_bg_position&quot;:&quot;center center&quot;,&quot;wdt_animation_effect&quot;:&quot;none&quot;}\">\n\t\t\t\t\t\t<div class=\"elementor-container elementor-column-gap-default\">\n\t\t\t\t\t<div class=\"elementor-column elementor-col-100 elementor-top-column elementor-element elementor-element-db434bc\" data-id=\"db434bc\" data-element_type=\"column\" data-e-type=\"column\">\n\t\t\t<div class=\"elementor-widget-wrap elementor-element-populated\">\n\t\t\t\t\t\t<div class=\"elementor-element elementor-element-ca83338 elementor-widget elementor-widget-text-editor\" data-id=\"ca83338\" data-element_type=\"widget\" data-e-type=\"widget\" data-settings=\"{&quot;wdt_animation_effect&quot;:&quot;none&quot;}\" data-widget_type=\"text-editor.default\">\n\t\t\t\t<div class=\"elementor-widget-container\">\n\t\t\t\t\t\t\t\t\t<p><strong>Que sont les cookies et comment fonctionnent-ils ?<\/strong><br \/>Les cookies sont de petits morceaux de code stock\u00e9s sur votre appareil. Les cookies ne contiennent aucune information personnelle et ne sont pas fonctionnels, c&rsquo;est-\u00e0-dire qu&rsquo;ils ne sont pas des programmes mais de simples fichiers texte. La premi\u00e8re fois que vous visitez nos sites Web, un cookie est t\u00e9l\u00e9charg\u00e9 sur votre appareil. Lors d&rsquo;occasions ult\u00e9rieures, nos sites reconnaissent ce cookie et \u00ab\u00a0savent\u00a0\u00bb que vous avez d\u00e9j\u00e0 visit\u00e9 notre site. Le r\u00f4le des cookies est b\u00e9n\u00e9fique pour les utilisateurs car il am\u00e9liore leur exp\u00e9rience sur les sites Web fr\u00e9quemment visit\u00e9s.<\/p><p><strong>Pourquoi utilisons-nous les cookies ?<\/strong><br \/>Les cookies nous permettent d&rsquo;am\u00e9liorer notre site Web afin de conna\u00eetre le nombre d&rsquo;utilisateurs uniques qui nous visitent et quelles pages sont visit\u00e9es. Cela nous permet de savoir quel contenu est int\u00e9ressant pour nos utilisateurs. Avec ces am\u00e9liorations \u00e0 l&rsquo;esprit, nous utilisons Google Analytics, un outil statistique. Les informations recueillies dans ce processus sont totalement anonymes et ne servent qu&rsquo;\u00e0 des fins statistiques.<\/p><p><strong>Comment pouvez-vous contr\u00f4ler les cookies ?<\/strong><br \/>Les navigateurs tels qu&rsquo;Internet Explorer, Firefox, Google Chrome et Safari permettent de modifier les autorisations des cookies afin d&#8217;emp\u00eacher l&rsquo;acceptation des cookies par votre appareil. Cependant, une telle restriction peut affecter votre exp\u00e9rience utilisateur. La section \u00ab Aide \u00bb de votre navigateur pourra vous guider \u00e0 travers les \u00e9tapes n\u00e9cessaires pour effectuer un tel changement.<\/p>\t\t\t\t\t\t\t\t<\/div>\n\t\t\t\t<\/div>\n\t\t\t\t<div class=\"elementor-element elementor-element-d26b586 elementor-widget elementor-widget-spacer\" data-id=\"d26b586\" data-element_type=\"widget\" data-e-type=\"widget\" data-settings=\"{&quot;wdt_animation_effect&quot;:&quot;none&quot;}\" data-widget_type=\"spacer.default\">\n\t\t\t\t<div class=\"elementor-widget-container\">\n\t\t\t\t\t\t\t<div class=\"elementor-spacer\">\n\t\t\t<div class=\"elementor-spacer-inner\"><\/div>\n\t\t<\/div>\n\t\t\t\t\t\t<\/div>\n\t\t\t\t<\/div>\n\t\t\t\t\t<\/div>\n\t\t<\/div>\n\t\t\t\t\t<\/div>\n\t\t<\/section>\n\t\t\t\t<\/div>\n\t\t","protected":false},"excerpt":{"rendered":"<p>Que sont les cookies et comment fonctionnent-ils ?Les cookies sont de petits morceaux de code stock\u00e9s sur votre appareil. Les cookies ne contiennent aucune information personnelle et ne sont pas fonctionnels, c&rsquo;est-\u00e0-dire qu&rsquo;ils ne sont pas des programmes mais de simples fichiers texte. La premi\u00e8re fois que vous visitez nos sites Web, un cookie est [&hellip;]<\/p>\n","protected":false},"author":1,"featured_media":0,"parent":0,"menu_order":0,"comment_status":"closed","ping_status":"closed","template":"elementor_header_footer","meta":{"footnotes":""},"class_list":["post-6170","page","type-page","status-publish","hentry"],"_links":{"self":[{"href":"https:\/\/casasaorafael.com\/fr\/wp-json\/wp\/v2\/pages\/6170","targetHints":{"allow":["GET"]}}],"collection":[{"href":"https:\/\/casasaorafael.com\/fr\/wp-json\/wp\/v2\/pages"}],"about":[{"href":"https:\/\/casasaorafael.com\/fr\/wp-json\/wp\/v2\/types\/page"}],"author":[{"embeddable":true,"href":"https:\/\/casasaorafael.com\/fr\/wp-json\/wp\/v2\/users\/1"}],"replies":[{"embeddable":true,"href":"https:\/\/casasaorafael.com\/fr\/wp-json\/wp\/v2\/comments?post=6170"}],"version-history":[{"count":0,"href":"https:\/\/casasaorafael.com\/fr\/wp-json\/wp\/v2\/pages\/6170\/revisions"}],"wp:attachment":[{"href":"https:\/\/casasaorafael.com\/fr\/wp-json\/wp\/v2\/media?parent=6170"}],"curies":[{"name":"wp","href":"https:\/\/api.w.org\/{rel}","templated":true}]}}