{"id":6177,"date":"2023-05-16T15:26:17","date_gmt":"2023-05-16T15:26:17","guid":{"rendered":"https:\/\/casasaorafael.com\/politica-de-privacidade\/"},"modified":"2023-07-04T15:58:07","modified_gmt":"2023-07-04T15:58:07","slug":"politique-de-confidentialite","status":"publish","type":"page","link":"https:\/\/casasaorafael.com\/fr\/politique-de-confidentialite\/","title":{"rendered":"Politique de Confidentialit\u00e9"},"content":{"rendered":"\t\t<div data-elementor-type=\"wp-page\" data-elementor-id=\"6177\" class=\"elementor elementor-6177 elementor-3232\">\n\t\t\t\t\t\t<section class=\"elementor-section elementor-top-section elementor-element elementor-element-7820370 elementor-section-boxed elementor-section-height-default elementor-section-height-default\" data-id=\"7820370\" data-element_type=\"section\" data-e-type=\"section\" data-settings=\"{&quot;wdt_bg_image&quot;:{&quot;url&quot;:&quot;&quot;,&quot;id&quot;:&quot;&quot;,&quot;size&quot;:&quot;&quot;},&quot;wdt_bg_image_widescreen&quot;:{&quot;url&quot;:&quot;&quot;,&quot;id&quot;:&quot;&quot;,&quot;size&quot;:&quot;&quot;},&quot;wdt_bg_image_laptop&quot;:{&quot;url&quot;:&quot;&quot;,&quot;id&quot;:&quot;&quot;,&quot;size&quot;:&quot;&quot;},&quot;wdt_bg_image_tablet_extra&quot;:{&quot;url&quot;:&quot;&quot;,&quot;id&quot;:&quot;&quot;,&quot;size&quot;:&quot;&quot;},&quot;wdt_bg_image_tablet&quot;:{&quot;url&quot;:&quot;&quot;,&quot;id&quot;:&quot;&quot;,&quot;size&quot;:&quot;&quot;},&quot;wdt_bg_image_mobile_extra&quot;:{&quot;url&quot;:&quot;&quot;,&quot;id&quot;:&quot;&quot;,&quot;size&quot;:&quot;&quot;},&quot;wdt_bg_image_mobile&quot;:{&quot;url&quot;:&quot;&quot;,&quot;id&quot;:&quot;&quot;,&quot;size&quot;:&quot;&quot;},&quot;wdt_bg_position&quot;:&quot;center center&quot;,&quot;wdt_animation_effect&quot;:&quot;none&quot;}\">\n\t\t\t\t\t\t<div class=\"elementor-container elementor-column-gap-default\">\n\t\t\t\t\t<div class=\"elementor-column elementor-col-100 elementor-top-column elementor-element elementor-element-db434bc\" data-id=\"db434bc\" data-element_type=\"column\" data-e-type=\"column\">\n\t\t\t<div class=\"elementor-widget-wrap elementor-element-populated\">\n\t\t\t\t\t\t<div class=\"elementor-element elementor-element-ca83338 elementor-widget elementor-widget-text-editor\" data-id=\"ca83338\" data-element_type=\"widget\" data-e-type=\"widget\" data-settings=\"{&quot;wdt_animation_effect&quot;:&quot;none&quot;}\" data-widget_type=\"text-editor.default\">\n\t\t\t\t<div class=\"elementor-widget-container\">\n\t\t\t\t\t\t\t\t\t<p>La politique de confidentialit\u00e9 de Casa de Campo S\u00e3o Rafael r\u00e9glemente l&rsquo;utilisation du site Web fourni par Casa de Campo S\u00e3o Rafael.<\/p><p><strong>UTILISATION DU SITE WEB<\/strong><br \/>Le site Web de Casa de Campo S\u00e3o Rafael doit \u00eatre utilis\u00e9 exclusivement pour un usage personnel. Sa modification, reproduction, duplication, copie, distribution, vente, revente et autres formes d&rsquo;exploitation, \u00e0 des fins commerciales ou non, sont express\u00e9ment interdites. Les droits de propri\u00e9t\u00e9 intellectuelle sur le site Web et son contenu appartiennent \u00e0 Casa de Campo S\u00e3o Rafael, sauf indication contraire.<\/p><p>Casa de Campo S\u00e3o Rafael n&rsquo;accorde qu&rsquo;une licence limit\u00e9e, non exclusive et non transf\u00e9rable pour visualiser ou imprimer le contenu du site Web \u00e0 des fins exclusivement personnelles et non commerciales. De plus, vous vous engagez \u00e0 ne pas utiliser ce site \u00e0 des fins ill\u00e9gales ou interdites.<\/p><p><strong>TRAITEMENT DE L&rsquo;INFORMATION<\/strong><br \/>Les donn\u00e9es personnelles des utilisateurs de ce site Web peuvent \u00eatre utilis\u00e9es pour fournir des informations importantes sur les services utilis\u00e9s. En outre,<br \/>avec votre consentement, nous pouvons envoyer des informations commerciales sur les produits et services de Casa de Campo S\u00e3o Rafael. Cependant, ces donn\u00e9es personnelles ne seront pas partag\u00e9es avec des tiers responsables du traitement des donn\u00e9es, sans votre consentement.<\/p><p>Casa de Campo S\u00e3o Rafael peut engager d&rsquo;autres soci\u00e9t\u00e9s pour fournir des services au nom de Casa de Campo S\u00e3o Rafael, tels que l&rsquo;h\u00e9bergement de sites Web, le courrier \u00e9lectronique, la r\u00e9ponse aux questions des utilisateurs sur les services, l&rsquo;envoi d&rsquo;informations sur les nouveaux services et produits ou offres et campagnes promotionnelles. Ces entreprises ne re\u00e7oivent que les donn\u00e9es personnelles n\u00e9cessaires pour fournir le service correspondant. Les entreprises sont tenues de maintenir la confidentialit\u00e9 des informations et il leur est interdit d&rsquo;utiliser ces informations \u00e0 d&rsquo;autres fins.<\/p><p>Casa de Campo S\u00e3o Rafael peut divulguer des donn\u00e9es personnelles si la loi l&rsquo;exige ou si elle estime que cela est n\u00e9cessaire pour se conformer \u00e0 la loi, prot\u00e9ger et d\u00e9fendre ses droits, agir en cas d&rsquo;urgence pour prot\u00e9ger la s\u00e9curit\u00e9 personnelle de ses employ\u00e9s ou employ\u00e9s, utilisateurs de services , des partenaires ou du grand public.<\/p><p>Les donn\u00e9es personnelles collect\u00e9es sur ce site Web peuvent \u00eatre stock\u00e9es dans des pays autres que le Portugal.<\/p><p><strong>COOKIES<\/strong><br \/>Afin de fournir un meilleur service \u00e0 l&rsquo;utilisateur, nous utilisons des cookies, qui sont de petits fichiers texte, qui sont plac\u00e9s sur le disque dur par<br \/>un serveur de site Web. Le site Web de Casa de Campo S\u00e3o Rafael peut n\u00e9cessiter l&rsquo;acceptation de cookies, afin que vous puissiez acc\u00e9der \u00e0 toutes les fonctionnalit\u00e9s disponibles.<\/p><p><strong>Les cookies sont utilis\u00e9s par Casa de Campo S\u00e3o Rafael pour :<\/strong><\/p><p>Collectez les adresses IP des utilisateurs. Le cookie identifie l&rsquo;utilisateur et s&rsquo;il est abonn\u00e9 \u00e0 un service, une promotion ou un \u00e9v\u00e9nement promu par<br \/>Casa de Campo S\u00e3o Rafael donne l&rsquo;ordre au syst\u00e8me d&rsquo;acc\u00e9der aux informations stock\u00e9es sur les utilisateurs. L&rsquo;objectif est de personnaliser les pr\u00e9f\u00e9rences des utilisateurs et de faciliter l&rsquo;utilisation des services.<br \/>R\u00e9aliser des \u00e9tudes statistiques pour calculer le nombre d&rsquo;utilisateurs et leur croissance.<br \/>Savoir si les utilisateurs ont consult\u00e9 une certaine partie du site Web, en \u00e9vitant les r\u00e9p\u00e9titions.<br \/>Vous pouvez toujours limiter ou restreindre l&rsquo;admission de cookies via les options de votre navigateur.<\/p><p><strong>S\u00c9CURIT\u00c9 DES DONN\u00c9ES<\/strong><br \/>Casa de Campo S\u00e3o Rafael s&rsquo;engage \u00e0 prot\u00e9ger la s\u00e9curit\u00e9 de vos donn\u00e9es personnelles. \u00c0 ce titre, nous utilisons des technologies et des proc\u00e9dures de s\u00e9curit\u00e9 con\u00e7ues pour prot\u00e9ger les donn\u00e9es des utilisateurs contre tout acc\u00e8s, utilisation ou divulgation non autoris\u00e9s.<\/p><p><strong>LIMITATION DE RESPONSABILIT\u00c9<\/strong><br \/>Casa de Campo S\u00e3o Rafael ne parraine aucun site Web vers lequel il existe des liens, ni aucun site Web contenant un lien vers son site Web. Casa de Campo S\u00e3o Rafael n&rsquo;est pas responsable du contenu de ces sites. Cependant, comme Internet est un r\u00e9seau mondial d&rsquo;ordinateurs, toute information envoy\u00e9e ou transmise par vous sera n\u00e9cessairement transmise par des ordinateurs tiers.<\/p><p>Casa de Campo S\u00e3o Rafael n&rsquo;est pas responsable des d\u00e9faillances dans la s\u00e9curit\u00e9 des communications et n&rsquo;assume aucune responsabilit\u00e9 pour l&rsquo;utilisation abusive de vos informations par des tiers. L&rsquo;utilisateur, cependant, sera responsable du contenu des informations envoy\u00e9es ou transmises au site Web de Casa de Campo S\u00e3o Rafael.<\/p><p>Casa de Campo S\u00e3o Rafael reconna\u00eet que l&rsquo;acc\u00e8s et l&rsquo;utilisation de son site Web peuvent subir des interruptions et que les informations sur le site Web peuvent contenir des bogues, des erreurs,<br \/>d\u00e9faillances techniques, probl\u00e8mes ou autres limitations et que l&rsquo;acc\u00e8s peut \u00eatre impossible \u00e0 certains moments. Casa de Campo S\u00e3o Rafael n&rsquo;est pas responsable des dommages caus\u00e9s par l&rsquo;utilisation de son site Web. Dans les conditions maximales autoris\u00e9es par la loi, Casa de Campo S\u00e3o Rafael d\u00e9cline toute responsabilit\u00e9, directe ou indirecte, pour l&rsquo;utilisation de son site Web.<\/p>\t\t\t\t\t\t\t\t<\/div>\n\t\t\t\t<\/div>\n\t\t\t\t<div class=\"elementor-element elementor-element-d26b586 elementor-widget elementor-widget-spacer\" data-id=\"d26b586\" data-element_type=\"widget\" data-e-type=\"widget\" data-settings=\"{&quot;wdt_animation_effect&quot;:&quot;none&quot;}\" data-widget_type=\"spacer.default\">\n\t\t\t\t<div class=\"elementor-widget-container\">\n\t\t\t\t\t\t\t<div class=\"elementor-spacer\">\n\t\t\t<div class=\"elementor-spacer-inner\"><\/div>\n\t\t<\/div>\n\t\t\t\t\t\t<\/div>\n\t\t\t\t<\/div>\n\t\t\t\t\t<\/div>\n\t\t<\/div>\n\t\t\t\t\t<\/div>\n\t\t<\/section>\n\t\t\t\t<\/div>\n\t\t","protected":false},"excerpt":{"rendered":"<p>La politique de confidentialit\u00e9 de Casa de Campo S\u00e3o Rafael r\u00e9glemente l&rsquo;utilisation du site Web fourni par Casa de Campo S\u00e3o Rafael. UTILISATION DU SITE WEBLe site Web de Casa de Campo S\u00e3o Rafael doit \u00eatre utilis\u00e9 exclusivement pour un usage personnel. Sa modification, reproduction, duplication, copie, distribution, vente, revente et autres formes d&rsquo;exploitation, \u00e0 [&hellip;]<\/p>\n","protected":false},"author":1,"featured_media":0,"parent":0,"menu_order":0,"comment_status":"closed","ping_status":"closed","template":"elementor_header_footer","meta":{"footnotes":""},"class_list":["post-6177","page","type-page","status-publish","hentry"],"_links":{"self":[{"href":"https:\/\/casasaorafael.com\/fr\/wp-json\/wp\/v2\/pages\/6177","targetHints":{"allow":["GET"]}}],"collection":[{"href":"https:\/\/casasaorafael.com\/fr\/wp-json\/wp\/v2\/pages"}],"about":[{"href":"https:\/\/casasaorafael.com\/fr\/wp-json\/wp\/v2\/types\/page"}],"author":[{"embeddable":true,"href":"https:\/\/casasaorafael.com\/fr\/wp-json\/wp\/v2\/users\/1"}],"replies":[{"embeddable":true,"href":"https:\/\/casasaorafael.com\/fr\/wp-json\/wp\/v2\/comments?post=6177"}],"version-history":[{"count":0,"href":"https:\/\/casasaorafael.com\/fr\/wp-json\/wp\/v2\/pages\/6177\/revisions"}],"wp:attachment":[{"href":"https:\/\/casasaorafael.com\/fr\/wp-json\/wp\/v2\/media?parent=6177"}],"curies":[{"name":"wp","href":"https:\/\/api.w.org\/{rel}","templated":true}]}}