{"id":6210,"date":"2023-05-19T11:01:42","date_gmt":"2023-05-19T11:01:42","guid":{"rendered":"https:\/\/casasaorafael.com\/resolucao-de-litigios\/"},"modified":"2023-07-04T15:58:30","modified_gmt":"2023-07-04T15:58:30","slug":"reglement-des-differends","status":"publish","type":"page","link":"https:\/\/casasaorafael.com\/fr\/reglement-des-differends\/","title":{"rendered":"R\u00e8glement Des Diff\u00e9rends"},"content":{"rendered":"\t\t<div data-elementor-type=\"wp-page\" data-elementor-id=\"6210\" class=\"elementor elementor-6210 elementor-5287\">\n\t\t\t\t\t\t<section class=\"elementor-section elementor-top-section elementor-element elementor-element-7820370 elementor-section-boxed elementor-section-height-default elementor-section-height-default\" data-id=\"7820370\" data-element_type=\"section\" data-e-type=\"section\" data-settings=\"{&quot;wdt_bg_image&quot;:{&quot;url&quot;:&quot;&quot;,&quot;id&quot;:&quot;&quot;,&quot;size&quot;:&quot;&quot;},&quot;wdt_bg_image_widescreen&quot;:{&quot;url&quot;:&quot;&quot;,&quot;id&quot;:&quot;&quot;,&quot;size&quot;:&quot;&quot;},&quot;wdt_bg_image_laptop&quot;:{&quot;url&quot;:&quot;&quot;,&quot;id&quot;:&quot;&quot;,&quot;size&quot;:&quot;&quot;},&quot;wdt_bg_image_tablet_extra&quot;:{&quot;url&quot;:&quot;&quot;,&quot;id&quot;:&quot;&quot;,&quot;size&quot;:&quot;&quot;},&quot;wdt_bg_image_tablet&quot;:{&quot;url&quot;:&quot;&quot;,&quot;id&quot;:&quot;&quot;,&quot;size&quot;:&quot;&quot;},&quot;wdt_bg_image_mobile_extra&quot;:{&quot;url&quot;:&quot;&quot;,&quot;id&quot;:&quot;&quot;,&quot;size&quot;:&quot;&quot;},&quot;wdt_bg_image_mobile&quot;:{&quot;url&quot;:&quot;&quot;,&quot;id&quot;:&quot;&quot;,&quot;size&quot;:&quot;&quot;},&quot;wdt_bg_position&quot;:&quot;center center&quot;,&quot;wdt_animation_effect&quot;:&quot;none&quot;}\">\n\t\t\t\t\t\t<div class=\"elementor-container elementor-column-gap-default\">\n\t\t\t\t\t<div class=\"elementor-column elementor-col-100 elementor-top-column elementor-element elementor-element-db434bc\" data-id=\"db434bc\" data-element_type=\"column\" data-e-type=\"column\">\n\t\t\t<div class=\"elementor-widget-wrap elementor-element-populated\">\n\t\t\t\t\t\t<div class=\"elementor-element elementor-element-ca83338 elementor-widget elementor-widget-text-editor\" data-id=\"ca83338\" data-element_type=\"widget\" data-e-type=\"widget\" data-settings=\"{&quot;wdt_animation_effect&quot;:&quot;none&quot;}\" data-widget_type=\"text-editor.default\">\n\t\t\t\t<div class=\"elementor-widget-container\">\n\t\t\t\t\t\t\t\t\t<p>L&rsquo;Union europ\u00e9enne a cr\u00e9\u00e9 un site Web pour aider les consommateurs \u00e0 soumettre leurs r\u00e9clamations concernant tout litige dans lequel ils sont impliqu\u00e9s. Dans ce cadre, nous fournissons toutes les informations afin que vous puissiez exercer votre droit de r\u00e9clamation aupr\u00e8s d&rsquo;une entit\u00e9 officielle, tierce et impartiale \u00e0 la proc\u00e9dure, (\u00ab entit\u00e9 de r\u00e9solution des litiges \u00bb) qui vous aidera \u00e0 r\u00e9soudre le litige en question.<\/p><p>Par cons\u00e9quent, si vous n&rsquo;\u00eates pas satisfait de l&rsquo;achat d&rsquo;un bien ou d&rsquo;un service, ou de la solution pr\u00e9sent\u00e9e par nous pour r\u00e9soudre la situation, vous pouvez acc\u00e9der \u00e0 ce site officiel https:\/\/webgate.ec.europa.eu\/odr\/main\/? event =main.home.show et indiquez votre objection.<\/p><p>Qu&rsquo;est-ce que la r\u00e9solution alternative des conflits ?<\/p><p>Le r\u00e8glement extrajudiciaire des litiges est la possibilit\u00e9 dont disposent tous les consommateurs de faire appel \u00e0 des entit\u00e9s officielles qui les aident dans la r\u00e9solution ou l&rsquo;orientation de tout conflit, avant d&rsquo;ouvrir une proc\u00e9dure contentieuse devant les tribunaux.<\/p><p>En r\u00e8gle g\u00e9n\u00e9rale, la proc\u00e9dure est la suivante : le client demande \u00e0 un tiers impartial de servir d&rsquo;interm\u00e9diaire entre lui et le commer\u00e7ant vis\u00e9 par sa r\u00e9clamation. L&rsquo;interm\u00e9diaire peut proposer une solution \u00e0 votre plainte, imposer une solution aux deux parties ou r\u00e9unir les parties pour trouver une solution.<\/p><p>Peut-\u00eatre connaissez-vous le concept de r\u00e8glement extrajudiciaire des litiges sous un autre nom : &lsquo;m\u00e9diation&rsquo;, &lsquo;conciliation&rsquo;, &lsquo;arbitrage&rsquo; ou &lsquo;commission comp\u00e9tente dans le cadre des litiges de consommation&rsquo;.<\/p><p>Le r\u00e8glement extrajudiciaire des litiges est, en r\u00e8gle g\u00e9n\u00e9rale, moins cher, moins formel et plus rapide que la voie judiciaire.<\/p><p>En cas de litige de consommation, le consommateur peut recourir aux organismes de r\u00e8glement alternatif des litiges de consommation suivants :<\/p><p><strong>CNIACC &#8211; Centre National d&rsquo;Information et d&rsquo;Arbitrage des Litiges de la Consommation<\/strong><\/p><p>cniacc.pt<\/p><p><strong>CACCL &#8211; Centre d&rsquo;arbitrage des litiges de consommation de Lisbonne<\/strong><\/p><p>centroarbitragemlisboa.pt<\/p><p><strong>CACCVA &#8211; Centre d&rsquo;arbitrage des litiges de consommation de Vale do Ave \/ Tribunal d&rsquo;arbitrage<\/strong><\/p><p>triave.pt<\/p><p><strong>CICAP \u2013 Centre d&rsquo;information et d&rsquo;arbitrage des consommateurs de Porto (Tribunal d&rsquo;arbitrage des consommateurs)<\/strong><\/p><p>cicap.pt<\/p><p><strong>CIMAAL \u2013 Centre d&rsquo;information, de m\u00e9diation et d&rsquo;arbitrage pour les litiges de consommation en Algarve<\/strong><\/p><p>ciab.pt<\/p><p><strong>CIAB \u2013 Centre d&rsquo;Information, de M\u00e9diation et d&rsquo;Arbitrage des Consommateurs (Tribunal Arbitral de la Consommation)<\/strong><\/p><p>ciab.pt<\/p><p><strong>CIMPAS \u2013 Centre d&rsquo;information, de m\u00e9diation et de m\u00e9diation des assurances<\/strong><\/p><p>cimpas.pt<\/p><p>Conform\u00e9ment \u00e0 la loi n\u00b0 144\/2015, pour le r\u00e8glement des litiges, voir :<\/p><p><strong>CNIACC \u2013 T\u00e9l\u00e9phone : 21 384 7484<\/strong><\/p><p><strong>Courriel : cniacc@fd.unl.pt | Site Web : cniacc.pt<\/strong><\/p>\t\t\t\t\t\t\t\t<\/div>\n\t\t\t\t<\/div>\n\t\t\t\t<div class=\"elementor-element elementor-element-d26b586 elementor-widget elementor-widget-spacer\" data-id=\"d26b586\" data-element_type=\"widget\" data-e-type=\"widget\" data-settings=\"{&quot;wdt_animation_effect&quot;:&quot;none&quot;}\" data-widget_type=\"spacer.default\">\n\t\t\t\t<div class=\"elementor-widget-container\">\n\t\t\t\t\t\t\t<div class=\"elementor-spacer\">\n\t\t\t<div class=\"elementor-spacer-inner\"><\/div>\n\t\t<\/div>\n\t\t\t\t\t\t<\/div>\n\t\t\t\t<\/div>\n\t\t\t\t\t<\/div>\n\t\t<\/div>\n\t\t\t\t\t<\/div>\n\t\t<\/section>\n\t\t\t\t<\/div>\n\t\t","protected":false},"excerpt":{"rendered":"<p>L&rsquo;Union europ\u00e9enne a cr\u00e9\u00e9 un site Web pour aider les consommateurs \u00e0 soumettre leurs r\u00e9clamations concernant tout litige dans lequel ils sont impliqu\u00e9s. Dans ce cadre, nous fournissons toutes les informations afin que vous puissiez exercer votre droit de r\u00e9clamation aupr\u00e8s d&rsquo;une entit\u00e9 officielle, tierce et impartiale \u00e0 la proc\u00e9dure, (\u00ab entit\u00e9 de r\u00e9solution des [&hellip;]<\/p>\n","protected":false},"author":1,"featured_media":0,"parent":0,"menu_order":0,"comment_status":"closed","ping_status":"closed","template":"elementor_header_footer","meta":{"footnotes":""},"class_list":["post-6210","page","type-page","status-publish","hentry"],"_links":{"self":[{"href":"https:\/\/casasaorafael.com\/fr\/wp-json\/wp\/v2\/pages\/6210","targetHints":{"allow":["GET"]}}],"collection":[{"href":"https:\/\/casasaorafael.com\/fr\/wp-json\/wp\/v2\/pages"}],"about":[{"href":"https:\/\/casasaorafael.com\/fr\/wp-json\/wp\/v2\/types\/page"}],"author":[{"embeddable":true,"href":"https:\/\/casasaorafael.com\/fr\/wp-json\/wp\/v2\/users\/1"}],"replies":[{"embeddable":true,"href":"https:\/\/casasaorafael.com\/fr\/wp-json\/wp\/v2\/comments?post=6210"}],"version-history":[{"count":0,"href":"https:\/\/casasaorafael.com\/fr\/wp-json\/wp\/v2\/pages\/6210\/revisions"}],"wp:attachment":[{"href":"https:\/\/casasaorafael.com\/fr\/wp-json\/wp\/v2\/media?parent=6210"}],"curies":[{"name":"wp","href":"https:\/\/api.w.org\/{rel}","templated":true}]}}