{"id":6227,"date":"2023-05-19T10:53:15","date_gmt":"2023-05-19T10:53:15","guid":{"rendered":"https:\/\/casasaorafael.com\/termos-e-condicoes\/"},"modified":"2023-07-04T15:59:10","modified_gmt":"2023-07-04T15:59:10","slug":"termes-et-condicions","status":"publish","type":"page","link":"https:\/\/casasaorafael.com\/fr\/termes-et-condicions\/","title":{"rendered":"Termes Et Condicions"},"content":{"rendered":"\t\t<div data-elementor-type=\"wp-page\" data-elementor-id=\"6227\" class=\"elementor elementor-6227 elementor-5274\">\n\t\t\t\t\t\t<section class=\"elementor-section elementor-top-section elementor-element elementor-element-7820370 elementor-section-boxed elementor-section-height-default elementor-section-height-default\" data-id=\"7820370\" data-element_type=\"section\" data-e-type=\"section\" data-settings=\"{&quot;wdt_bg_image&quot;:{&quot;url&quot;:&quot;&quot;,&quot;id&quot;:&quot;&quot;,&quot;size&quot;:&quot;&quot;},&quot;wdt_bg_image_widescreen&quot;:{&quot;url&quot;:&quot;&quot;,&quot;id&quot;:&quot;&quot;,&quot;size&quot;:&quot;&quot;},&quot;wdt_bg_image_laptop&quot;:{&quot;url&quot;:&quot;&quot;,&quot;id&quot;:&quot;&quot;,&quot;size&quot;:&quot;&quot;},&quot;wdt_bg_image_tablet_extra&quot;:{&quot;url&quot;:&quot;&quot;,&quot;id&quot;:&quot;&quot;,&quot;size&quot;:&quot;&quot;},&quot;wdt_bg_image_tablet&quot;:{&quot;url&quot;:&quot;&quot;,&quot;id&quot;:&quot;&quot;,&quot;size&quot;:&quot;&quot;},&quot;wdt_bg_image_mobile_extra&quot;:{&quot;url&quot;:&quot;&quot;,&quot;id&quot;:&quot;&quot;,&quot;size&quot;:&quot;&quot;},&quot;wdt_bg_image_mobile&quot;:{&quot;url&quot;:&quot;&quot;,&quot;id&quot;:&quot;&quot;,&quot;size&quot;:&quot;&quot;},&quot;wdt_bg_position&quot;:&quot;center center&quot;,&quot;wdt_animation_effect&quot;:&quot;none&quot;}\">\n\t\t\t\t\t\t<div class=\"elementor-container elementor-column-gap-default\">\n\t\t\t\t\t<div class=\"elementor-column elementor-col-100 elementor-top-column elementor-element elementor-element-db434bc\" data-id=\"db434bc\" data-element_type=\"column\" data-e-type=\"column\">\n\t\t\t<div class=\"elementor-widget-wrap elementor-element-populated\">\n\t\t\t\t\t\t<div class=\"elementor-element elementor-element-ca83338 elementor-widget elementor-widget-text-editor\" data-id=\"ca83338\" data-element_type=\"widget\" data-e-type=\"widget\" data-settings=\"{&quot;wdt_animation_effect&quot;:&quot;none&quot;}\" data-widget_type=\"text-editor.default\">\n\t\t\t\t<div class=\"elementor-widget-container\">\n\t\t\t\t\t\t\t\t\t<p>Le contenu est l&rsquo;ensemble des informations pr\u00e9sentes sur le site Web de Casa de Campo S\u00e3o Rafael, y compris les marques, les dessins, les logos, les textes, les images, les photographies, les illustrations, le mat\u00e9riel audio ou vid\u00e9o, la conception Web et les logiciels.<\/p><p>Les droits de propri\u00e9t\u00e9 intellectuelle de tous les contenus du site Lisbonsoul-hostel.com appartiennent \u00e0 Casa de Campo S\u00e3o Rafael et sont prot\u00e9g\u00e9s par les termes g\u00e9n\u00e9raux de la loi et par la l\u00e9gislation nationale et internationale de protection de la propri\u00e9t\u00e9 intellectuelle, du droit d&rsquo;auteur et par la loi sur la criminalit\u00e9 informatique. .<\/p><p>Toute copie, reproduction, modification, affichage, diffusion, distribution, transmission ou utilisation du contenu de ce site, de quelque mani\u00e8re ou \u00e0 quelque fin que ce soit, sans l&rsquo;autorisation expresse et pr\u00e9alable de Casa de Campo S\u00e3o Rafael est express\u00e9ment interdite.<\/p><p>Casa de Campo S\u00e3o Rafael se r\u00e9serve le droit d&rsquo;engager des poursuites judiciaires contre les auteurs de toute copie, diffusion, reproduction et exploitation commerciale non autoris\u00e9es ou de toute autre utilisation abusive du contenu du site Web, en s&rsquo;exon\u00e9rant de toute responsabilit\u00e9 en cas d&rsquo;utilisation abusive du site Web par des tiers. .<\/p><p><strong>S\u00c9CURIT\u00c9<\/strong><br \/>Les utilisateurs du site Casa de Campo S\u00e3o Rafael d\u00e9clarent parfaitement conna\u00eetre les caract\u00e9ristiques et contraintes, limitations et d\u00e9fauts d&rsquo;Internet, \u00e0 savoir que les transmissions de donn\u00e9es et d&rsquo;informations via le Web ne b\u00e9n\u00e9ficient que d&rsquo;une fiabilit\u00e9 technique relative. Et ces contraintes peuvent perturber ou rendre l&rsquo;acc\u00e8s impossible \u00e0 certaines p\u00e9riodes.<\/p><p>Dans ce cadre, l&rsquo;utilisateur reconna\u00eet et accepte les risques inh\u00e9rents, que tout site Internet soit l&rsquo;objet d&rsquo;ing\u00e9rences de la part de tiers non autoris\u00e9s et puisse \u00eatre interrompu, ainsi que que les informations circulant sur Internet ne soient pas prot\u00e9g\u00e9es contre d&rsquo;\u00e9ventuels virus et que quiconque soit susceptible de cr\u00e9er un lien avec acc\u00e8s au site ou aux \u00e9l\u00e9ments qu&rsquo;il contient.<\/p><p>Casa de Campo S\u00e3o Rafael et ses dirigeants ou employ\u00e9s ne peuvent en aucun cas \u00eatre tenus responsables des dommages accidentels ou volontaires subis par les utilisateurs et caus\u00e9s ou non par des tiers, dans le cadre de l&rsquo;utilisation des services fournis sur ce site ou ailleurs. sur le web auxquels ils ont eu acc\u00e8s par son interm\u00e9diaire.<\/p><p>Casa de Campo S\u00e3o Rafael et ses dirigeants ou employ\u00e9s ne peuvent en aucun cas \u00eatre tenus responsables des dommages qui pourraient \u00eatre caus\u00e9s par l&rsquo;utilisation du service, y compris la contamination par virus. L&rsquo;utilisateur, en acc\u00e9dant \u00e0 ce site, accepte les risques inh\u00e9rents \u00e0 son activit\u00e9 d&rsquo;internaute, notamment le risque d&rsquo;un \u00e9ventuel transfert de donn\u00e9es ouvertes.<\/p><p><strong>RESPONSABILIT\u00c9<\/strong><br \/>Casa de Campo S\u00e3o Rafael se r\u00e9serve le droit d&rsquo;apporter des modifications et des corrections, de suspendre, d&rsquo;interrompre ou de fermer le site Web quand il le juge appropri\u00e9, sans pr\u00e9avis et pour la p\u00e9riode qu&rsquo;il juge n\u00e9cessaire, pour des raisons techniques, administratives, de force majeure ou autres, et ne peut \u00eatre tenu responsable de ce fait.<br \/>Casa de Campo S\u00e3o Rafael et ses dirigeants et employ\u00e9s ne sont pas responsables des hyperliens pr\u00e9sents sur son site Web vers des sites Web de tiers. Ces hyperliens sont fournis uniquement pour la commodit\u00e9 et l&rsquo;accessibilit\u00e9 de l&rsquo;utilisateur, A Casa de Campo S\u00e3o Rafael et ses dirigeants et employ\u00e9s ne sont pas responsables du contenu des sites Web de tiers, et l&rsquo;acc\u00e8s et la visite de ceux-ci rel\u00e8vent de la seule responsabilit\u00e9 des utilisateurs.<\/p><p>Casa de Campo S\u00e3o Rafael peut mettre \u00e0 jour les conditions d&rsquo;utilisation et la politique de confidentialit\u00e9, suite aux changements r\u00e9sultant du d\u00e9veloppement et des avanc\u00e9es technologiques d&rsquo;Internet, ainsi qu&rsquo;aux modifications l\u00e9gislatives dans le domaine. Il est express\u00e9ment interdit d&rsquo;utiliser le site Web \u00e0 des fins ill\u00e9gales ou \u00e0 toute autre fin pouvant \u00eatre consid\u00e9r\u00e9e comme pr\u00e9judiciable \u00e0 l&rsquo;image de Casa de Campo S\u00e3o Rafael.<\/p><p>L&rsquo;utilisateur de ce site Web s&rsquo;engage \u00e0 d\u00e9fendre, indemniser et d\u00e9gager Casa de Campo S\u00e3o Rafael et ses dirigeants et employ\u00e9s de toute r\u00e9clamation ou demande pr\u00e9sent\u00e9e par des tiers, ainsi que de leurs obligations, dommages, co\u00fbts et d\u00e9penses associ\u00e9s, d\u00e9coulant ou li\u00e9s \u00e0 l&rsquo;utilisation de ce site Web par l&rsquo;utilisateur, la violation par l&rsquo;utilisateur de tout droit de tiers ou la violation par l&rsquo;utilisateur des conditions d&rsquo;utilisation.<\/p><p><strong>JURIDICTION<\/strong><br \/>Les Conditions d&rsquo;utilisation sont r\u00e9dig\u00e9es et interpr\u00e9t\u00e9es conform\u00e9ment \u00e0 la loi portugaise. L&rsquo;utilisateur accepte la comp\u00e9tence des tribunaux portugais pour r\u00e9soudre tout conflit d\u00e9coulant de ou li\u00e9 aux Termes et Conditions ou \u00e0 l&rsquo;utilisation de ce site Web.<\/p>\t\t\t\t\t\t\t\t<\/div>\n\t\t\t\t<\/div>\n\t\t\t\t<div class=\"elementor-element elementor-element-d26b586 elementor-widget elementor-widget-spacer\" data-id=\"d26b586\" data-element_type=\"widget\" data-e-type=\"widget\" data-settings=\"{&quot;wdt_animation_effect&quot;:&quot;none&quot;}\" data-widget_type=\"spacer.default\">\n\t\t\t\t<div class=\"elementor-widget-container\">\n\t\t\t\t\t\t\t<div class=\"elementor-spacer\">\n\t\t\t<div class=\"elementor-spacer-inner\"><\/div>\n\t\t<\/div>\n\t\t\t\t\t\t<\/div>\n\t\t\t\t<\/div>\n\t\t\t\t\t<\/div>\n\t\t<\/div>\n\t\t\t\t\t<\/div>\n\t\t<\/section>\n\t\t\t\t<\/div>\n\t\t","protected":false},"excerpt":{"rendered":"<p>Le contenu est l&rsquo;ensemble des informations pr\u00e9sentes sur le site Web de Casa de Campo S\u00e3o Rafael, y compris les marques, les dessins, les logos, les textes, les images, les photographies, les illustrations, le mat\u00e9riel audio ou vid\u00e9o, la conception Web et les logiciels. Les droits de propri\u00e9t\u00e9 intellectuelle de tous les contenus du site [&hellip;]<\/p>\n","protected":false},"author":1,"featured_media":0,"parent":0,"menu_order":0,"comment_status":"closed","ping_status":"closed","template":"elementor_header_footer","meta":{"footnotes":""},"class_list":["post-6227","page","type-page","status-publish","hentry"],"_links":{"self":[{"href":"https:\/\/casasaorafael.com\/fr\/wp-json\/wp\/v2\/pages\/6227","targetHints":{"allow":["GET"]}}],"collection":[{"href":"https:\/\/casasaorafael.com\/fr\/wp-json\/wp\/v2\/pages"}],"about":[{"href":"https:\/\/casasaorafael.com\/fr\/wp-json\/wp\/v2\/types\/page"}],"author":[{"embeddable":true,"href":"https:\/\/casasaorafael.com\/fr\/wp-json\/wp\/v2\/users\/1"}],"replies":[{"embeddable":true,"href":"https:\/\/casasaorafael.com\/fr\/wp-json\/wp\/v2\/comments?post=6227"}],"version-history":[{"count":0,"href":"https:\/\/casasaorafael.com\/fr\/wp-json\/wp\/v2\/pages\/6227\/revisions"}],"wp:attachment":[{"href":"https:\/\/casasaorafael.com\/fr\/wp-json\/wp\/v2\/media?parent=6227"}],"curies":[{"name":"wp","href":"https:\/\/api.w.org\/{rel}","templated":true}]}}